{"id":1157,"date":"2025-05-05T03:47:55","date_gmt":"2025-05-05T06:47:55","guid":{"rendered":"https:\/\/digietal.net\/projetos\/?page_id=1157"},"modified":"2025-05-05T03:47:55","modified_gmt":"2025-05-05T06:47:55","slug":"parceiros","status":"publish","type":"page","link":"https:\/\/sindesp.org.br\/index.php\/parceiros\/","title":{"rendered":"Parceiros"},"content":{"rendered":"\t\t<div data-elementor-type=\"wp-page\" data-elementor-id=\"1157\" class=\"elementor elementor-1157\" data-elementor-post-type=\"page\">\n\t\t\t\t<div class=\"elementor-element elementor-element-add298e e-flex e-con-boxed wpr-particle-no wpr-jarallax-no wpr-parallax-no wpr-sticky-section-no wpr-equal-height-no e-con e-parent\" data-id=\"add298e\" data-element_type=\"container\" data-e-type=\"container\" data-settings=\"{&quot;background_background&quot;:&quot;classic&quot;}\">\n\t\t\t\t\t<div class=\"e-con-inner\">\n\t\t\t\t<div class=\"elementor-element elementor-element-130773a elementor-widget elementor-widget-heading\" data-id=\"130773a\" data-element_type=\"widget\" data-e-type=\"widget\" data-widget_type=\"heading.default\">\n\t\t\t\t\t<h2 class=\"elementor-heading-title elementor-size-default\">A Origem do Processo Piso Salarial\n<\/h2>\t\t\t\t<\/div>\n\t\t\t\t\t<\/div>\n\t\t\t\t<\/div>\n\t\t<div class=\"elementor-element elementor-element-b371aba e-flex e-con-boxed wpr-particle-no wpr-jarallax-no wpr-parallax-no wpr-sticky-section-no wpr-equal-height-no e-con e-parent\" data-id=\"b371aba\" data-element_type=\"container\" data-e-type=\"container\">\n\t\t\t\t\t<div class=\"e-con-inner\">\n\t\t\t\t<div class=\"elementor-element elementor-element-4a59ef9 elementor-widget elementor-widget-heading\" data-id=\"4a59ef9\" data-element_type=\"widget\" data-e-type=\"widget\" data-widget_type=\"heading.default\">\n\t\t\t\t\t<h2 class=\"elementor-heading-title elementor-size-default\">SINDESP E EMPREENDIMENTOS PAGUE MENOS S.A\n<\/h2>\t\t\t\t<\/div>\n\t\t\t\t<div class=\"elementor-element elementor-element-0e68791 elementor-widget elementor-widget-image\" data-id=\"0e68791\" data-element_type=\"widget\" data-e-type=\"widget\" data-widget_type=\"image.default\">\n\t\t\t\t\t\t\t\t\t\t\t\t\t\t\t<img decoding=\"async\" src=\"https:\/\/digietal.net\/projetos\/wp-content\/uploads\/2025\/05\/Expansao-do-Pronto-Atendimento-Digital-para-mais-de-40-Farmacias-Pague-Menos.png\" title=\"\" alt=\"\" loading=\"lazy\" \/>\t\t\t\t\t\t\t\t\t\t\t\t\t\t\t<\/div>\n\t\t\t\t<div class=\"elementor-element elementor-element-c42e99c elementor-widget elementor-widget-heading\" data-id=\"c42e99c\" data-element_type=\"widget\" data-e-type=\"widget\" data-widget_type=\"heading.default\">\n\t\t\t\t\t<h2 class=\"elementor-heading-title elementor-size-default\">ATENDIMENTO EXCLUSIVO\n<\/h2>\t\t\t\t<\/div>\n\t\t\t\t<div class=\"elementor-element elementor-element-2fa073d elementor-widget elementor-widget-text-editor\" data-id=\"2fa073d\" data-element_type=\"widget\" data-e-type=\"widget\" data-widget_type=\"text-editor.default\">\n\t\t\t\t\t\t\t\t\t<p>Filiados sindicais, sejam bern-vindo \u00e0s farm\u00e1cias Pague Menos e Extrafarma. usufruarn do desconto m\u00ednirno de 1.5% na aquisi\u00e7\u00e3o de rnedicamentos e produtos farmac\u00eauticos de marca e 2594. para os gen\u00e9ricos ern filiais do grupo. Indiquem o seu CPF e nome do sindicato.<\/p><p>O complexo empresarial, ernpreendimentos pague menos, agradece pela prefer\u00eancia, pela confian\u00e7a, em especial, pela importante parceria. O nosso muito obrigado a todos que integram o SINDESP<\/p>\t\t\t\t\t\t\t\t<\/div>\n\t\t\t\t<div class=\"elementor-element elementor-element-a400fe2 elementor-widget elementor-widget-heading\" data-id=\"a400fe2\" data-element_type=\"widget\" data-e-type=\"widget\" data-widget_type=\"heading.default\">\n\t\t\t\t\t<h2 class=\"elementor-heading-title elementor-size-default\">Hor\u00e1rios de Atendimento - SINDESP\n<\/h2>\t\t\t\t<\/div>\n\t\t\t\t<div class=\"elementor-element elementor-element-64e8537 elementor-widget elementor-widget-text-editor\" data-id=\"64e8537\" data-element_type=\"widget\" data-e-type=\"widget\" data-widget_type=\"text-editor.default\">\n\t\t\t\t\t\t\t\t\t<p>Segunda a Sexta \u2013 9h \u00e0s 12h e 14h a \u00e0s 16h \u2013 s\u00e1bados e domingos n\u00e3o h\u00e1 expediente<\/p><p><strong>Email:<\/strong>\u00a0sindespce@hotmail.com<br \/><strong>Telefones:<\/strong>\u00a0(85) 3292-5091 ou (85) 3291-8009<\/p><p>Rua Austr\u00e1lia, 845 ou rua Dr. Justa Ara\u00fajo 1186\u00a0\u2013\u00a0Itaper\u00ed, CEP 60714.130\/60740820 \u2013 Fortaleza\u00a0\u2013\u00a0CE<\/p>\t\t\t\t\t\t\t\t<\/div>\n\t\t\t\t<div class=\"elementor-element elementor-element-1e9145b elementor-widget elementor-widget-heading\" data-id=\"1e9145b\" data-element_type=\"widget\" data-e-type=\"widget\" data-widget_type=\"heading.default\">\n\t\t\t\t\t<h2 class=\"elementor-heading-title elementor-size-default\">Desfrutem os Benef\u00edcios e Servi\u00e7os do SINDESP\n<\/h2>\t\t\t\t<\/div>\n\t\t\t\t\t<\/div>\n\t\t\t\t<\/div>\n\t\t\t\t<\/div>\n\t\t","protected":false},"excerpt":{"rendered":"<p>A Origem do Processo Piso Salarial SINDESP E EMPREENDIMENTOS PAGUE MENOS S.A ATENDIMENTO EXCLUSIVO Filiados sindicais, sejam bern-vindo \u00e0s farm\u00e1cias Pague Menos e Extrafarma. usufruarn do desconto m\u00ednirno de 1.5% na aquisi\u00e7\u00e3o de rnedicamentos e produtos farmac\u00eauticos de marca e 2594. para os gen\u00e9ricos ern filiais do grupo. Indiquem o seu CPF e nome do sindicato. O complexo empresarial, ernpreendimentos pague menos, agradece pela prefer\u00eancia, pela confian\u00e7a, em especial, pela importante parceria. O nosso muito obrigado a todos que integram o SINDESP Hor\u00e1rios de Atendimento &#8211; SINDESP Segunda a Sexta \u2013 9h \u00e0s 12h e 14h a \u00e0s 16h \u2013 s\u00e1bados e domingos n\u00e3o h\u00e1 expediente Email:\u00a0sindespce@hotmail.comTelefones:\u00a0(85) 3292-5091 ou (85) 3291-8009 Rua Austr\u00e1lia, 845 ou rua Dr. Justa Ara\u00fajo 1186\u00a0\u2013\u00a0Itaper\u00ed, CEP 60714.130\/60740820 \u2013 Fortaleza\u00a0\u2013\u00a0CE Desfrutem os Benef\u00edcios e Servi\u00e7os do SINDESP<\/p>\n","protected":false},"author":1,"featured_media":0,"parent":0,"menu_order":0,"comment_status":"closed","ping_status":"closed","template":"elementor_header_footer","meta":{"_joinchat":[],"footnotes":""},"class_list":["post-1157","page","type-page","status-publish","hentry"],"_links":{"self":[{"href":"https:\/\/sindesp.org.br\/index.php\/wp-json\/wp\/v2\/pages\/1157","targetHints":{"allow":["GET"]}}],"collection":[{"href":"https:\/\/sindesp.org.br\/index.php\/wp-json\/wp\/v2\/pages"}],"about":[{"href":"https:\/\/sindesp.org.br\/index.php\/wp-json\/wp\/v2\/types\/page"}],"author":[{"embeddable":true,"href":"https:\/\/sindesp.org.br\/index.php\/wp-json\/wp\/v2\/users\/1"}],"replies":[{"embeddable":true,"href":"https:\/\/sindesp.org.br\/index.php\/wp-json\/wp\/v2\/comments?post=1157"}],"version-history":[{"count":0,"href":"https:\/\/sindesp.org.br\/index.php\/wp-json\/wp\/v2\/pages\/1157\/revisions"}],"wp:attachment":[{"href":"https:\/\/sindesp.org.br\/index.php\/wp-json\/wp\/v2\/media?parent=1157"}],"curies":[{"name":"wp","href":"https:\/\/api.w.org\/{rel}","templated":true}]}}