{"id":1195,"date":"2025-05-05T04:15:34","date_gmt":"2025-05-05T07:15:34","guid":{"rendered":"https:\/\/digietal.net\/projetos\/?page_id=1195"},"modified":"2025-09-30T08:29:27","modified_gmt":"2025-09-30T11:29:27","slug":"diretoria","status":"publish","type":"page","link":"https:\/\/sindesp.org.br\/index.php\/diretoria\/","title":{"rendered":"Diretoria"},"content":{"rendered":"\t\t<div data-elementor-type=\"wp-page\" data-elementor-id=\"1195\" class=\"elementor elementor-1195\" data-elementor-post-type=\"page\">\n\t\t\t\t<div class=\"elementor-element elementor-element-d2e4a54 e-flex e-con-boxed wpr-particle-no wpr-jarallax-no wpr-parallax-no wpr-sticky-section-no wpr-column-slider-no wpr-equal-height-no e-con e-parent\" data-id=\"d2e4a54\" data-element_type=\"container\" data-e-type=\"container\" data-settings=\"{&quot;background_background&quot;:&quot;classic&quot;}\">\n\t\t\t\t\t<div class=\"e-con-inner\">\n\t\t\t\t<div class=\"elementor-element elementor-element-4562a9e elementor-widget elementor-widget-heading\" data-id=\"4562a9e\" data-element_type=\"widget\" data-e-type=\"widget\" data-widget_type=\"heading.default\">\n\t\t\t\t\t<h2 class=\"elementor-heading-title elementor-size-default\">Diretoria do SINDESP\n<\/h2>\t\t\t\t<\/div>\n\t\t\t\t\t<\/div>\n\t\t\t\t<\/div>\n\t\t<div class=\"elementor-element elementor-element-a2d5674 e-flex e-con-boxed wpr-particle-no wpr-jarallax-no wpr-parallax-no wpr-sticky-section-no wpr-column-slider-no wpr-equal-height-no e-con e-parent\" data-id=\"a2d5674\" data-element_type=\"container\" data-e-type=\"container\">\n\t\t\t\t\t<div class=\"e-con-inner\">\n\t\t\t\t<div class=\"elementor-element elementor-element-c867c10 elementor-widget elementor-widget-heading\" data-id=\"c867c10\" data-element_type=\"widget\" data-e-type=\"widget\" data-widget_type=\"heading.default\">\n\t\t\t\t\t<h2 class=\"elementor-heading-title elementor-size-default\">DIRETORIA\n<\/h2>\t\t\t\t<\/div>\n\t\t\t\t<div class=\"elementor-element elementor-element-505f190 elementor-widget elementor-widget-text-editor\" data-id=\"505f190\" data-element_type=\"widget\" data-e-type=\"widget\" data-widget_type=\"text-editor.default\">\n\t\t\t\t\t\t\t\t\t<p><strong>Presidente:<\/strong>\u00a0Professor In\u00e1cio de Loiola Saraiva,<\/p><p><strong>Vice-Presidente:<\/strong>\u00a0Professor Gilberto Leit\u00e3o de Castro e Silva,<\/p><p><strong>Vice-Presidente Regional da UVA:<\/strong>\u00a0Professor Jo\u00e3o Od\u00e9cio Sousa Magalh\u00e3es,<\/p><p><strong>Vice-Presidente Regional da URCA:<\/strong>\u00a0Professor Gilvan Luiz de Melo,<\/p><p><strong>Secret\u00e1rio Geral:<\/strong>\u00a0Professor Fernando Peixoto de Melo,<\/p><p><strong>Diretor Administrativo:<\/strong>\u00a0Professor Francisco de Assis Francelino Alves,<\/p><p><strong>Diretor Financeiro:<\/strong>\u00a0Professor Francisco F\u00e1bio Castelo Branco,<\/p><p><strong>Diretora de Forma\u00e7\u00e3o e de Rela\u00e7\u00e3o Intersindical:<\/strong>\u00a0Professora Maria Helena de Paula Frota,<\/p><p><strong>Diretor de Divulga\u00e7\u00e3o e Cultura:<\/strong>\u00a0Professor Eliezer Alves,<\/p><p><strong>1\u00ba Suplente:<\/strong>\u00a0Professor Francisco Arthur Pinheiro Alves,<\/p><p><strong>2\u00b0 Suplente:<\/strong>\u00a0Guilherme Sergio Tavares Cavalcanti,<\/p>\t\t\t\t\t\t\t\t<\/div>\n\t\t\t\t<div class=\"elementor-element elementor-element-6a94b4e elementor-widget elementor-widget-heading\" data-id=\"6a94b4e\" data-element_type=\"widget\" data-e-type=\"widget\" data-widget_type=\"heading.default\">\n\t\t\t\t\t<h2 class=\"elementor-heading-title elementor-size-default\">CONSELHO FISCAL\n\n<\/h2>\t\t\t\t<\/div>\n\t\t\t\t<div class=\"elementor-element elementor-element-b6a5a51 elementor-widget elementor-widget-text-editor\" data-id=\"b6a5a51\" data-element_type=\"widget\" data-e-type=\"widget\" data-widget_type=\"text-editor.default\">\n\t\t\t\t\t\t\t\t\t<p><strong>Membro Titular:<\/strong>\u00a0Professora Maria C\u00e9lia Silva de Menezes,<\/p><p><strong>Membro Titular:<\/strong>\u00a0Professora Maria Socorro N\u00e2ntua Lima,<\/p><p><strong>Membro Titular:<\/strong>\u00a0Professor Francisco Pessoa Furtado,<\/p><p><strong>Suplente:<\/strong>\u00a0Jos\u00e9 Oriani Farias;<\/p>\t\t\t\t\t\t\t\t<\/div>\n\t\t\t\t<div class=\"elementor-element elementor-element-a9e7c36 elementor-widget elementor-widget-heading\" data-id=\"a9e7c36\" data-element_type=\"widget\" data-e-type=\"widget\" data-widget_type=\"heading.default\">\n\t\t\t\t\t<h2 class=\"elementor-heading-title elementor-size-default\">CONSELHO DELIBERATIVO\n\n<\/h2>\t\t\t\t<\/div>\n\t\t\t\t<div class=\"elementor-element elementor-element-190f8f1 elementor-widget elementor-widget-text-editor\" data-id=\"190f8f1\" data-element_type=\"widget\" data-e-type=\"widget\" data-widget_type=\"text-editor.default\">\n\t\t\t\t\t\t\t\t\t<p><strong>Representante da UECE:<\/strong>\u00a0Jos\u00e9 Nailton Bezerra Evangelista,<br \/><strong>Suplente da UECE:<\/strong>\u00a0Josefa Lineuda da Costa Murta,<\/p><p><strong>Representante da UVA:<\/strong>\u00a0Professor Jos\u00e9 Luc\u00eddio Castro de Mesquita,<br \/><strong>Suplente da UVA:<\/strong>\u00a0Professor Francisco Hermenegildo Sousa Neto,<\/p><p><strong>Representante da URCA:<\/strong>\u00a0Professora Vanda Cidade Nuvens Silveira,<br \/><strong>Suplente da URCA:<\/strong>\u00a0Professor Jo\u00e3o Bosco de Sousa,<\/p><p><strong>Representante da FAFIDAM:<\/strong>\u00a0Professor Jos\u00e9 Maria Nunes Guerreiro,<br \/><strong>Suplente da FAFIDAM:<\/strong>\u00a0Maria Eroneide Alexandre Maia.<\/p>\t\t\t\t\t\t\t\t<\/div>\n\t\t\t\t<div class=\"elementor-element elementor-element-9432505 elementor-widget elementor-widget-heading\" data-id=\"9432505\" data-element_type=\"widget\" data-e-type=\"widget\" data-widget_type=\"heading.default\">\n\t\t\t\t\t<h2 class=\"elementor-heading-title elementor-size-default\">COMUNICA\u00c7\u00c3O\n<\/h2>\t\t\t\t<\/div>\n\t\t\t\t<div class=\"elementor-element elementor-element-9518d57 elementor-widget elementor-widget-text-editor\" data-id=\"9518d57\" data-element_type=\"widget\" data-e-type=\"widget\" data-widget_type=\"text-editor.default\">\n\t\t\t\t\t\t\t\t\t<p><strong>Professor:<\/strong> Eliezer Alves<br \/><br \/><\/p>\t\t\t\t\t\t\t\t<\/div>\n\t\t\t\t\t<\/div>\n\t\t\t\t<\/div>\n\t\t<div class=\"elementor-element elementor-element-6db041 e-flex e-con-boxed wpr-particle-no wpr-jarallax-no wpr-parallax-no wpr-sticky-section-no wpr-column-slider-no wpr-equal-height-no e-con e-parent\" data-id=\"6db041\" data-element_type=\"container\" data-e-type=\"container\" data-settings=\"{&quot;background_background&quot;:&quot;classic&quot;,&quot;shape_divider_bottom&quot;:&quot;arrow&quot;}\">\n\t\t\t\t\t<div class=\"e-con-inner\">\n\t\t\t\t<div class=\"elementor-shape elementor-shape-bottom\" aria-hidden=\"true\" data-negative=\"false\">\n\t\t\t<svg xmlns=\"http:\/\/www.w3.org\/2000\/svg\" viewBox=\"0 0 700 10\" preserveAspectRatio=\"none\">\n\t<path class=\"elementor-shape-fill\" d=\"M350,10L340,0h20L350,10z\"\/>\n<\/svg>\t\t<\/div>\n\t\t<div class=\"elementor-element elementor-element-4c16d75f e-flex e-con-boxed wpr-particle-no wpr-jarallax-no wpr-parallax-no wpr-sticky-section-no wpr-column-slider-no wpr-equal-height-no elementor-invisible e-con e-child\" data-id=\"4c16d75f\" data-element_type=\"container\" data-e-type=\"container\" data-settings=\"{&quot;animation&quot;:&quot;zoomIn&quot;}\">\n\t\t\t\t\t<div class=\"e-con-inner\">\n\t\t\t\t<div class=\"elementor-element elementor-element-743576ff elementor-widget elementor-widget-heading\" data-id=\"743576ff\" data-element_type=\"widget\" data-e-type=\"widget\" data-widget_type=\"heading.default\">\n\t\t\t\t\t<h2 class=\"elementor-heading-title elementor-size-default\">Seja um Associado<\/h2>\t\t\t\t<\/div>\n\t\t\t\t<div class=\"elementor-element elementor-element-2f1694a4 elementor-widget elementor-widget-text-editor\" data-id=\"2f1694a4\" data-element_type=\"widget\" data-e-type=\"widget\" data-widget_type=\"text-editor.default\">\n\t\t\t\t\t\t\t\t\t<p>Ao associar-se voc\u00ea se tornar um cliente de todo o nosso sistema, obtendo in\u00fameros benef\u00edcios, servi\u00e7os e vantagens.<\/p>\t\t\t\t\t\t\t\t<\/div>\n\t\t\t\t<div class=\"elementor-element elementor-element-2e353575 wpr-button-icon-style-inline wpr-button-icon-position-right wpr-button-tooltip-position-bottom elementor-widget elementor-widget-wpr-button\" data-id=\"2e353575\" data-element_type=\"widget\" data-e-type=\"widget\" data-widget_type=\"wpr-button.default\">\n\t\t\t\t\t\t\n\t\t\t\n\t\t\n\t\t<div class=\"wpr-button-wrap elementor-clearfix\">\n\t\t<a class=\"wpr-button wpr-button-effect wpr-button-none\" data-text=\"\" href=\"https:\/\/sindesp.org.br\/index.php\/seja-um-associado\/\">\n\t\t\t\n\t\t\t<span class=\"wpr-button-content\">\n\t\t\t\t\t\t\t\t\t<span class=\"wpr-button-text\">Associe-se\t<\/span>\n\t\t\t\t\t\t\t\t\n\t\t\t\t\t\t\t<\/span>\n\t\t<\/a>\n\n\t\t<div class=\"wpr-button-tooltip\"><p>Preencha o formul\u00e1rio para ser um associado<\/p><\/div>\t\t<\/div>\n\t\n\t\n\t\t\t\t\t<\/div>\n\t\t\t\t\t<\/div>\n\t\t\t\t<\/div>\n\t\t\t\t\t<\/div>\n\t\t\t\t<\/div>\n\t\t<div class=\"elementor-element elementor-element-969d360 e-flex e-con-boxed wpr-particle-no wpr-jarallax-no wpr-parallax-no wpr-sticky-section-no wpr-column-slider-no wpr-equal-height-no e-con e-parent\" data-id=\"969d360\" data-element_type=\"container\" data-e-type=\"container\" data-settings=\"{&quot;background_background&quot;:&quot;classic&quot;}\">\n\t\t\t\t\t<div class=\"e-con-inner\">\n\t\t<div class=\"elementor-element elementor-element-2fe101e8 e-con-full elementor-hidden-mobile e-flex wpr-particle-no wpr-jarallax-no wpr-parallax-no wpr-sticky-section-no wpr-column-slider-no wpr-equal-height-no e-con e-child\" data-id=\"2fe101e8\" data-element_type=\"container\" data-e-type=\"container\">\n\t\t\t\t<div class=\"elementor-element elementor-element-6e21fafd wpr-main-menu-align-center wpr-main-menu-align--tabletleft wpr-main-menu-align--mobileleft wpr-pointer-underline wpr-pointer-line-fx wpr-pointer-fx-fade wpr-sub-icon-caret-down wpr-sub-menu-fx-fade wpr-nav-menu-bp-mobile wpr-mobile-menu-full-width wpr-mobile-menu-item-align-center wpr-mobile-toggle-v1 wpr-sub-divider-yes wpr-mobile-divider-yes elementor-widget elementor-widget-wpr-nav-menu\" data-id=\"6e21fafd\" data-element_type=\"widget\" data-e-type=\"widget\" data-settings=\"{&quot;menu_layout&quot;:&quot;horizontal&quot;}\" data-widget_type=\"wpr-nav-menu.default\">\n\t\t\t\t\t<nav class=\"wpr-nav-menu-container wpr-nav-menu-horizontal\" data-trigger=\"hover\" data-consider-header=\"\" data-scroll-speed=\"500\"><ul id=\"menu-1-6e21fafd\" class=\"wpr-nav-menu\"><li class=\"menu-item menu-item-type-post_type menu-item-object-page menu-item-home menu-item-1936\"><a href=\"https:\/\/sindesp.org.br\/\" class=\"wpr-menu-item wpr-pointer-item\">Home<\/a><\/li>\n<li class=\"menu-item menu-item-type-post_type menu-item-object-page menu-item-has-children menu-item-1937\"><a aria-haspopup=\"true\" aria-expanded=\"false\" href=\"https:\/\/sindesp.org.br\/index.php\/sobre\/\" class=\"wpr-menu-item wpr-pointer-item\">O SINDESP<i class=\"wpr-sub-icon fas\" aria-hidden=\"true\"><\/i><\/a>\n<ul class=\"sub-menu wpr-sub-menu\">\n\t<li class=\"menu-item menu-item-type-custom menu-item-object-custom menu-item-2335\"><a href=\"https:\/\/sindesp.org.br\/index.php\/sobre\/\" class=\"wpr-sub-menu-item\">Quem somos<\/a><\/li>\n\t<li class=\"menu-item menu-item-type-post_type menu-item-object-page menu-item-3110\"><a href=\"https:\/\/sindesp.org.br\/index.php\/presidente\/\" class=\"wpr-sub-menu-item\">Presidente<\/a><\/li>\n\t<li class=\"menu-item menu-item-type-post_type menu-item-object-page menu-item-1940\"><a href=\"https:\/\/sindesp.org.br\/index.php\/diretoria\/\" class=\"wpr-sub-menu-item\">Diretoria<\/a><\/li>\n\t<li class=\"menu-item menu-item-type-post_type menu-item-object-page menu-item-1941\"><a href=\"https:\/\/sindesp.org.br\/index.php\/estatuto\/\" class=\"wpr-sub-menu-item\">Estatuto<\/a><\/li>\n\t<li class=\"menu-item menu-item-type-post_type menu-item-object-page menu-item-1933\"><a href=\"https:\/\/sindesp.org.br\/index.php\/fatos-relevantes\/\" class=\"wpr-sub-menu-item\">Fatos Relevantes<\/a><\/li>\n<\/ul>\n<\/li>\n<li class=\"menu-item menu-item-type-post_type menu-item-object-page menu-item-1943\"><a href=\"https:\/\/sindesp.org.br\/index.php\/seja-um-associado\/\" class=\"wpr-menu-item wpr-pointer-item\">Associe-se<\/a><\/li>\n<li class=\"menu-item menu-item-type-post_type menu-item-object-page menu-item-3871\"><a href=\"https:\/\/sindesp.org.br\/index.php\/blog\/\" class=\"wpr-menu-item wpr-pointer-item\">Blog<\/a><\/li>\n<li class=\"menu-item menu-item-type-post_type menu-item-object-page menu-item-1944\"><a href=\"https:\/\/sindesp.org.br\/index.php\/galerias\/\" class=\"wpr-menu-item wpr-pointer-item\">Galerias<\/a><\/li>\n<li class=\"menu-item menu-item-type-post_type menu-item-object-page menu-item-1942\"><a href=\"https:\/\/sindesp.org.br\/index.php\/convenios\/\" class=\"wpr-menu-item wpr-pointer-item\">Conv\u00eanios<\/a><\/li>\n<li class=\"menu-item menu-item-type-post_type menu-item-object-page menu-item-3111\"><a href=\"https:\/\/sindesp.org.br\/index.php\/mais-saude\/\" class=\"wpr-menu-item wpr-pointer-item\">Mais Sa\u00fade<\/a><\/li>\n<li class=\"menu-item menu-item-type-post_type menu-item-object-page menu-item-1939\"><a href=\"https:\/\/sindesp.org.br\/index.php\/piso-salarial\/\" class=\"wpr-menu-item wpr-pointer-item\">Piso Salarial<\/a><\/li>\n<li class=\"menu-item menu-item-type-post_type menu-item-object-page menu-item-1938\"><a href=\"https:\/\/sindesp.org.br\/index.php\/contato\/\" class=\"wpr-menu-item wpr-pointer-item\">Contato<\/a><\/li>\n<\/ul><\/nav><nav class=\"wpr-mobile-nav-menu-container\"><div class=\"wpr-mobile-toggle-wrap\"><div class=\"wpr-mobile-toggle\"><span class=\"wpr-mobile-toggle-line\"><\/span><span class=\"wpr-mobile-toggle-line\"><\/span><span class=\"wpr-mobile-toggle-line\"><\/span><\/div><\/div><ul id=\"mobile-menu-2-6e21fafd\" class=\"wpr-mobile-nav-menu\"><li class=\"menu-item menu-item-type-post_type menu-item-object-page menu-item-home menu-item-1936\"><a href=\"https:\/\/sindesp.org.br\/\" class=\"wpr-mobile-menu-item\">Home<\/a><\/li>\n<li class=\"menu-item menu-item-type-post_type menu-item-object-page menu-item-has-children menu-item-1937\"><a href=\"https:\/\/sindesp.org.br\/index.php\/sobre\/\" class=\"wpr-mobile-menu-item\">O SINDESP<\/a>\n<ul class=\"sub-menu wpr-sub-menu\">\n\t<li class=\"menu-item menu-item-type-custom menu-item-object-custom menu-item-2335\"><a href=\"https:\/\/sindesp.org.br\/index.php\/sobre\/\" class=\"wpr-mobile-sub-menu-item\">Quem somos<\/a><\/li>\n\t<li class=\"menu-item menu-item-type-post_type menu-item-object-page menu-item-3110\"><a href=\"https:\/\/sindesp.org.br\/index.php\/presidente\/\" class=\"wpr-mobile-sub-menu-item\">Presidente<\/a><\/li>\n\t<li class=\"menu-item menu-item-type-post_type menu-item-object-page menu-item-1940\"><a href=\"https:\/\/sindesp.org.br\/index.php\/diretoria\/\" class=\"wpr-mobile-sub-menu-item\">Diretoria<\/a><\/li>\n\t<li class=\"menu-item menu-item-type-post_type menu-item-object-page menu-item-1941\"><a href=\"https:\/\/sindesp.org.br\/index.php\/estatuto\/\" class=\"wpr-mobile-sub-menu-item\">Estatuto<\/a><\/li>\n\t<li class=\"menu-item menu-item-type-post_type menu-item-object-page menu-item-1933\"><a href=\"https:\/\/sindesp.org.br\/index.php\/fatos-relevantes\/\" class=\"wpr-mobile-sub-menu-item\">Fatos Relevantes<\/a><\/li>\n<\/ul>\n<\/li>\n<li class=\"menu-item menu-item-type-post_type menu-item-object-page menu-item-1943\"><a href=\"https:\/\/sindesp.org.br\/index.php\/seja-um-associado\/\" class=\"wpr-mobile-menu-item\">Associe-se<\/a><\/li>\n<li class=\"menu-item menu-item-type-post_type menu-item-object-page menu-item-3871\"><a href=\"https:\/\/sindesp.org.br\/index.php\/blog\/\" class=\"wpr-mobile-menu-item\">Blog<\/a><\/li>\n<li class=\"menu-item menu-item-type-post_type menu-item-object-page menu-item-1944\"><a href=\"https:\/\/sindesp.org.br\/index.php\/galerias\/\" class=\"wpr-mobile-menu-item\">Galerias<\/a><\/li>\n<li class=\"menu-item menu-item-type-post_type menu-item-object-page menu-item-1942\"><a href=\"https:\/\/sindesp.org.br\/index.php\/convenios\/\" class=\"wpr-mobile-menu-item\">Conv\u00eanios<\/a><\/li>\n<li class=\"menu-item menu-item-type-post_type menu-item-object-page menu-item-3111\"><a href=\"https:\/\/sindesp.org.br\/index.php\/mais-saude\/\" class=\"wpr-mobile-menu-item\">Mais Sa\u00fade<\/a><\/li>\n<li class=\"menu-item menu-item-type-post_type menu-item-object-page menu-item-1939\"><a href=\"https:\/\/sindesp.org.br\/index.php\/piso-salarial\/\" class=\"wpr-mobile-menu-item\">Piso Salarial<\/a><\/li>\n<li class=\"menu-item menu-item-type-post_type menu-item-object-page menu-item-1938\"><a href=\"https:\/\/sindesp.org.br\/index.php\/contato\/\" class=\"wpr-mobile-menu-item\">Contato<\/a><\/li>\n<\/ul><\/nav>\t\t\t\t<\/div>\n\t\t\t\t<\/div>\n\t\t<div class=\"elementor-element elementor-element-5826443b e-con-full e-flex wpr-particle-no wpr-jarallax-no wpr-parallax-no wpr-sticky-section-no wpr-column-slider-no wpr-equal-height-no e-con e-child\" data-id=\"5826443b\" data-element_type=\"container\" data-e-type=\"container\">\n\t\t\t\t<div class=\"elementor-element elementor-element-5b486fa7 elementor-widget__width-initial wpr-logo-position-center elementor-widget elementor-widget-wpr-logo\" data-id=\"5b486fa7\" data-element_type=\"widget\" data-e-type=\"widget\" data-widget_type=\"wpr-logo.default\">\n\t\t\t\t\t\t\t\t\n\t\t\t<div class=\"wpr-logo elementor-clearfix\">\n\n\t\t\t\t\t\t\t\t<picture class=\"wpr-logo-image\">\n\t\t\t\t\t\t\t\t\t\t<source media=\"(max-width: 767px)\" srcset=\"https:\/\/sindesp.org.br\/wp-content\/uploads\/2025\/09\/Untitled_design-removebg-preview-2.png\">\t\n\t\t\t\t\t\n\t\t\t\t\t\t\t\t\t\t<source srcset=\"https:\/\/sindesp.org.br\/wp-content\/uploads\/2025\/09\/Untitled_design-removebg-preview-2.png 1x, https:\/\/sindesp.org.br\/wp-content\/uploads\/2025\/09\/Untitled_design-removebg-preview-2.png 2x\">\t\n\t\t\t\t\t\t\t\t\t\t\n\t\t\t\t\t<img decoding=\"async\" src=\"https:\/\/sindesp.org.br\/wp-content\/uploads\/2025\/09\/Untitled_design-removebg-preview-2.png\" alt=\"\">\n\n\t\t\t\t\t\t\t\t\t\t\t<a class=\"wpr-logo-url\" rel=\"home\" aria-label=\"\" href=\"https:\/\/sindesp.org.br\/\"><\/a>\n\t\t\t\t\t\t\t\t\t<\/picture>\n\t\t\t\t\n\t\t\t\t\n\t\t\t\t\t\t\t\t\t<a class=\"wpr-logo-url\" rel=\"home\" aria-label=\"\" href=\"https:\/\/sindesp.org.br\/\"><\/a>\n\t\t\t\t\n\t\t\t<\/div>\n\t\t\t\t\n\t\t\t\t\t\t<\/div>\n\t\t\t\t<\/div>\n\t\t<div class=\"elementor-element elementor-element-924f01e e-con-full e-flex wpr-particle-no wpr-jarallax-no wpr-parallax-no wpr-sticky-section-no wpr-column-slider-no wpr-equal-height-no e-con e-child\" data-id=\"924f01e\" data-element_type=\"container\" data-e-type=\"container\">\n\t\t\t\t<div class=\"elementor-element elementor-element-22a88330 elementor-widget elementor-widget-text-editor\" data-id=\"22a88330\" data-element_type=\"widget\" data-e-type=\"widget\" data-widget_type=\"text-editor.default\">\n\t\t\t\t\t\t\t\t\t<p>Digi&amp;tal Networks Todos os direitos reservados<\/p>\t\t\t\t\t\t\t\t<\/div>\n\t\t\t\t<\/div>\n\t\t\t\t\t<\/div>\n\t\t\t\t<\/div>\n\t\t\t\t<\/div>\n\t\t","protected":false},"excerpt":{"rendered":"<p>Diretoria do SINDESP DIRETORIA Presidente:\u00a0Professor In\u00e1cio de Loiola Saraiva, Vice-Presidente:\u00a0Professor Gilberto Leit\u00e3o de Castro e Silva, Vice-Presidente Regional da UVA:\u00a0Professor Jo\u00e3o Od\u00e9cio Sousa Magalh\u00e3es, Vice-Presidente Regional da URCA:\u00a0Professor Gilvan Luiz de Melo, Secret\u00e1rio Geral:\u00a0Professor Fernando Peixoto de Melo, Diretor Administrativo:\u00a0Professor Francisco de Assis Francelino Alves, Diretor Financeiro:\u00a0Professor Francisco F\u00e1bio Castelo Branco, Diretora de Forma\u00e7\u00e3o e de Rela\u00e7\u00e3o Intersindical:\u00a0Professora Maria Helena de Paula Frota, Diretor de Divulga\u00e7\u00e3o e Cultura:\u00a0Professor Eliezer Alves, 1\u00ba Suplente:\u00a0Professor Francisco Arthur Pinheiro Alves, 2\u00b0 Suplente:\u00a0Guilherme Sergio Tavares Cavalcanti, CONSELHO FISCAL Membro Titular:\u00a0Professora Maria C\u00e9lia Silva de Menezes, Membro Titular:\u00a0Professora Maria Socorro N\u00e2ntua Lima, Membro Titular:\u00a0Professor Francisco Pessoa Furtado, Suplente:\u00a0Jos\u00e9 Oriani Farias; CONSELHO DELIBERATIVO Representante da UECE:\u00a0Jos\u00e9 Nailton Bezerra Evangelista,Suplente da UECE:\u00a0Josefa Lineuda da Costa Murta, Representante da UVA:\u00a0Professor Jos\u00e9 Luc\u00eddio Castro de Mesquita,Suplente da UVA:\u00a0Professor Francisco Hermenegildo Sousa Neto, Representante da URCA:\u00a0Professora Vanda Cidade Nuvens Silveira,Suplente da URCA:\u00a0Professor Jo\u00e3o Bosco de Sousa, Representante da FAFIDAM:\u00a0Professor Jos\u00e9 Maria Nunes Guerreiro,Suplente da FAFIDAM:\u00a0Maria Eroneide Alexandre Maia. COMUNICA\u00c7\u00c3O Professor: Eliezer Alves Seja um Associado Ao associar-se voc\u00ea se tornar um cliente de todo o nosso sistema, obtendo in\u00fameros benef\u00edcios, servi\u00e7os e vantagens. Associe-se Preencha o formul\u00e1rio para ser um associado Home O SINDESP Quem somos Presidente Diretoria Estatuto Fatos Relevantes Associe-se Galerias Conv\u00eanios Mais Sa\u00fade Piso Salarial Contato Home O SINDESP Quem somos Presidente Diretoria Estatuto Fatos Relevantes Associe-se Galerias Conv\u00eanios Mais Sa\u00fade Piso Salarial Contato Digi&amp;tal Networks Todos os direitos reservados<\/p>\n","protected":false},"author":1,"featured_media":0,"parent":0,"menu_order":0,"comment_status":"closed","ping_status":"closed","template":"elementor_header_footer","meta":{"_joinchat":[],"footnotes":""},"class_list":["post-1195","page","type-page","status-publish","hentry"],"_links":{"self":[{"href":"https:\/\/sindesp.org.br\/index.php\/wp-json\/wp\/v2\/pages\/1195","targetHints":{"allow":["GET"]}}],"collection":[{"href":"https:\/\/sindesp.org.br\/index.php\/wp-json\/wp\/v2\/pages"}],"about":[{"href":"https:\/\/sindesp.org.br\/index.php\/wp-json\/wp\/v2\/types\/page"}],"author":[{"embeddable":true,"href":"https:\/\/sindesp.org.br\/index.php\/wp-json\/wp\/v2\/users\/1"}],"replies":[{"embeddable":true,"href":"https:\/\/sindesp.org.br\/index.php\/wp-json\/wp\/v2\/comments?post=1195"}],"version-history":[{"count":9,"href":"https:\/\/sindesp.org.br\/index.php\/wp-json\/wp\/v2\/pages\/1195\/revisions"}],"predecessor-version":[{"id":3778,"href":"https:\/\/sindesp.org.br\/index.php\/wp-json\/wp\/v2\/pages\/1195\/revisions\/3778"}],"wp:attachment":[{"href":"https:\/\/sindesp.org.br\/index.php\/wp-json\/wp\/v2\/media?parent=1195"}],"curies":[{"name":"wp","href":"https:\/\/api.w.org\/{rel}","templated":true}]}}