{"id":1264,"date":"2025-05-06T06:41:09","date_gmt":"2025-05-06T09:41:09","guid":{"rendered":"https:\/\/digietal.net\/projetos\/?page_id=1264"},"modified":"2025-09-30T08:41:21","modified_gmt":"2025-09-30T11:41:21","slug":"mais-saude","status":"publish","type":"page","link":"https:\/\/sindesp.org.br\/index.php\/mais-saude\/","title":{"rendered":"Mais Sa\u00fade"},"content":{"rendered":"\t\t<div data-elementor-type=\"wp-page\" data-elementor-id=\"1264\" class=\"elementor elementor-1264\" data-elementor-post-type=\"page\">\n\t\t\t\t<div class=\"elementor-element elementor-element-edca58c e-flex e-con-boxed wpr-particle-no wpr-jarallax-no wpr-parallax-no wpr-sticky-section-no wpr-column-slider-no wpr-equal-height-no e-con e-parent\" data-id=\"edca58c\" data-element_type=\"container\" data-e-type=\"container\" data-settings=\"{&quot;background_background&quot;:&quot;classic&quot;}\">\n\t\t\t\t\t<div class=\"e-con-inner\">\n\t\t\t\t<div class=\"elementor-element elementor-element-4e943e5 elementor-widget__width-inherit elementor-widget elementor-widget-heading\" data-id=\"4e943e5\" data-element_type=\"widget\" data-e-type=\"widget\" data-widget_type=\"heading.default\">\n\t\t\t\t\t<h2 class=\"elementor-heading-title elementor-size-default\">Benef\u00edcios <\/h2>\t\t\t\t<\/div>\n\t\t\t\t\t<\/div>\n\t\t\t\t<\/div>\n\t\t<div class=\"elementor-element elementor-element-62fb9639 e-con-full e-flex wpr-particle-no wpr-jarallax-no wpr-parallax-no wpr-sticky-section-no wpr-column-slider-no wpr-equal-height-no e-con e-parent\" data-id=\"62fb9639\" data-element_type=\"container\" data-e-type=\"container\" data-settings=\"{&quot;background_background&quot;:&quot;classic&quot;}\">\n\t\t<div class=\"elementor-element elementor-element-16c221e0 e-con-full e-flex wpr-particle-no wpr-jarallax-no wpr-parallax-no wpr-sticky-section-no wpr-column-slider-no wpr-equal-height-no e-con e-child\" data-id=\"16c221e0\" data-element_type=\"container\" data-e-type=\"container\">\n\t\t\t\t<div class=\"elementor-element elementor-element-3ef76737 elementor-widget elementor-widget-heading\" data-id=\"3ef76737\" data-element_type=\"widget\" data-e-type=\"widget\" data-widget_type=\"heading.default\">\n\t\t\t\t\t<h2 class=\"elementor-heading-title elementor-size-default\">Benef\u00edcios para Professores Sindicalizados<\/h2>\t\t\t\t<\/div>\n\t\t\t\t<div class=\"elementor-element elementor-element-292aadc elementor-widget elementor-widget-text-editor\" data-id=\"292aadc\" data-element_type=\"widget\" data-e-type=\"widget\" data-widget_type=\"text-editor.default\">\n\t\t\t\t\t\t\t\t\t<div>Se voc\u00ea \u00e9 professor sindicalizado no Sindesp, pode aproveitar diversos servi\u00e7os de sa\u00fade sem custo adicional.<\/div><div>\u00a0<\/div><div>\u2714 Consultas presenciais ou online com:<\/div><div>\u2022M\u00e9dicos<\/div><div>\u2022Psic\u00f3logos<\/div><div>\u2022Fisioterapeutas<\/div><div>\u00a0<\/div><div>\u27a1 O atendimento tamb\u00e9m se estende \u00e0 sua fam\u00edlia: esposa, filhos e netos podem utilizar esse benef\u00edcio gratuitamente.<\/div><div>\u00a0<\/div><div>\ud83d\udcde Para agendar sua consulta, entre em contato pelo WhatsApp: (85) 99616-0705<\/div><div>\u00a0<\/div><div>Estamos prontos para cuidar de voc\u00ea e da sua fam\u00edlia.<\/div><div>Sindesp \u2013 desde 13\/09\/1989 defendendo e cuidando do professor.<\/div>\t\t\t\t\t\t\t\t<\/div>\n\t\t\t\t<\/div>\n\t\t<div class=\"elementor-element elementor-element-10ddf244 e-con-full e-flex wpr-particle-no wpr-jarallax-no wpr-parallax-no wpr-sticky-section-no wpr-column-slider-no wpr-equal-height-no e-con e-child\" data-id=\"10ddf244\" data-element_type=\"container\" data-e-type=\"container\">\n\t\t\t\t<div class=\"elementor-element elementor-element-da3b3df elementor-widget elementor-widget-image\" data-id=\"da3b3df\" data-element_type=\"widget\" data-e-type=\"widget\" data-widget_type=\"image.default\">\n\t\t\t\t\t\t\t\t\t\t\t\t\t\t\t<img fetchpriority=\"high\" decoding=\"async\" width=\"1080\" height=\"1080\" src=\"https:\/\/sindesp.org.br\/wp-content\/uploads\/2025\/09\/Imagem-do-WhatsApp-de-2025-09-24-as-16.25.42_8bb5e3fb.jpg\" class=\"attachment-2048x2048 size-2048x2048 wp-image-3072\" alt=\"\" srcset=\"https:\/\/sindesp.org.br\/wp-content\/uploads\/2025\/09\/Imagem-do-WhatsApp-de-2025-09-24-as-16.25.42_8bb5e3fb.jpg 1080w, https:\/\/sindesp.org.br\/wp-content\/uploads\/2025\/09\/Imagem-do-WhatsApp-de-2025-09-24-as-16.25.42_8bb5e3fb-300x300.jpg 300w, https:\/\/sindesp.org.br\/wp-content\/uploads\/2025\/09\/Imagem-do-WhatsApp-de-2025-09-24-as-16.25.42_8bb5e3fb-1024x1024.jpg 1024w, https:\/\/sindesp.org.br\/wp-content\/uploads\/2025\/09\/Imagem-do-WhatsApp-de-2025-09-24-as-16.25.42_8bb5e3fb-150x150.jpg 150w, https:\/\/sindesp.org.br\/wp-content\/uploads\/2025\/09\/Imagem-do-WhatsApp-de-2025-09-24-as-16.25.42_8bb5e3fb-768x768.jpg 768w, https:\/\/sindesp.org.br\/wp-content\/uploads\/2025\/09\/Imagem-do-WhatsApp-de-2025-09-24-as-16.25.42_8bb5e3fb-600x600.jpg 600w, https:\/\/sindesp.org.br\/wp-content\/uploads\/2025\/09\/Imagem-do-WhatsApp-de-2025-09-24-as-16.25.42_8bb5e3fb-100x100.jpg 100w\" sizes=\"(max-width: 1080px) 100vw, 1080px\" \/>\t\t\t\t\t\t\t\t\t\t\t\t\t\t\t<\/div>\n\t\t\t\t<\/div>\n\t\t\t\t<\/div>\n\t\t<div class=\"elementor-element elementor-element-4d79354 e-flex e-con-boxed wpr-particle-no wpr-jarallax-no wpr-parallax-no wpr-sticky-section-no wpr-column-slider-no wpr-equal-height-no e-con e-parent\" data-id=\"4d79354\" data-element_type=\"container\" data-e-type=\"container\" data-settings=\"{&quot;background_background&quot;:&quot;classic&quot;}\">\n\t\t\t\t\t<div class=\"e-con-inner\">\n\t\t<div class=\"elementor-element elementor-element-c4dfc45 e-con-full e-flex wpr-particle-no wpr-jarallax-no wpr-parallax-no wpr-sticky-section-no wpr-column-slider-no wpr-equal-height-no e-con e-child\" data-id=\"c4dfc45\" data-element_type=\"container\" data-e-type=\"container\">\n\t\t\t\t<div class=\"elementor-element elementor-element-dc7db6f elementor-widget elementor-widget-image\" data-id=\"dc7db6f\" data-element_type=\"widget\" data-e-type=\"widget\" data-widget_type=\"image.default\">\n\t\t\t\t\t\t\t\t\t\t\t\t\t\t\t<img decoding=\"async\" width=\"768\" height=\"1024\" src=\"https:\/\/sindesp.org.br\/wp-content\/uploads\/2025\/09\/Imagem-do-WhatsApp-de-2025-09-24-as-16.18.16_c573c44e-768x1024.jpg\" class=\"attachment-large size-large wp-image-3071\" alt=\"\" srcset=\"https:\/\/sindesp.org.br\/wp-content\/uploads\/2025\/09\/Imagem-do-WhatsApp-de-2025-09-24-as-16.18.16_c573c44e-768x1024.jpg 768w, https:\/\/sindesp.org.br\/wp-content\/uploads\/2025\/09\/Imagem-do-WhatsApp-de-2025-09-24-as-16.18.16_c573c44e-225x300.jpg 225w, https:\/\/sindesp.org.br\/wp-content\/uploads\/2025\/09\/Imagem-do-WhatsApp-de-2025-09-24-as-16.18.16_c573c44e-600x800.jpg 600w, https:\/\/sindesp.org.br\/wp-content\/uploads\/2025\/09\/Imagem-do-WhatsApp-de-2025-09-24-as-16.18.16_c573c44e.jpg 1013w\" sizes=\"(max-width: 768px) 100vw, 768px\" \/>\t\t\t\t\t\t\t\t\t\t\t\t\t\t\t<\/div>\n\t\t\t\t<\/div>\n\t\t<div class=\"elementor-element elementor-element-07b6a5d e-con-full e-flex wpr-particle-no wpr-jarallax-no wpr-parallax-no wpr-sticky-section-no wpr-column-slider-no wpr-equal-height-no e-con e-child\" data-id=\"07b6a5d\" data-element_type=\"container\" data-e-type=\"container\">\n\t\t\t\t<div class=\"elementor-element elementor-element-f734576 elementor-widget elementor-widget-image\" data-id=\"f734576\" data-element_type=\"widget\" data-e-type=\"widget\" data-widget_type=\"image.default\">\n\t\t\t\t\t\t\t\t\t\t\t\t\t\t\t<img decoding=\"async\" width=\"768\" height=\"1024\" src=\"https:\/\/sindesp.org.br\/wp-content\/uploads\/2025\/09\/Imagem-do-WhatsApp-de-2025-09-24-as-16.18.16_c8649ca4-768x1024.jpg\" class=\"attachment-large size-large wp-image-3070\" alt=\"\" srcset=\"https:\/\/sindesp.org.br\/wp-content\/uploads\/2025\/09\/Imagem-do-WhatsApp-de-2025-09-24-as-16.18.16_c8649ca4-768x1024.jpg 768w, https:\/\/sindesp.org.br\/wp-content\/uploads\/2025\/09\/Imagem-do-WhatsApp-de-2025-09-24-as-16.18.16_c8649ca4-225x300.jpg 225w, https:\/\/sindesp.org.br\/wp-content\/uploads\/2025\/09\/Imagem-do-WhatsApp-de-2025-09-24-as-16.18.16_c8649ca4-600x800.jpg 600w, https:\/\/sindesp.org.br\/wp-content\/uploads\/2025\/09\/Imagem-do-WhatsApp-de-2025-09-24-as-16.18.16_c8649ca4.jpg 1013w\" sizes=\"(max-width: 768px) 100vw, 768px\" \/>\t\t\t\t\t\t\t\t\t\t\t\t\t\t\t<\/div>\n\t\t\t\t<\/div>\n\t\t\t\t\t<\/div>\n\t\t\t\t<\/div>\n\t\t<div class=\"elementor-element elementor-element-2cb1602e e-flex e-con-boxed wpr-particle-no wpr-jarallax-no wpr-parallax-no wpr-sticky-section-no wpr-column-slider-no wpr-equal-height-no e-con e-parent\" data-id=\"2cb1602e\" data-element_type=\"container\" data-e-type=\"container\" data-settings=\"{&quot;background_background&quot;:&quot;classic&quot;,&quot;shape_divider_bottom&quot;:&quot;arrow&quot;}\">\n\t\t\t\t\t<div class=\"e-con-inner\">\n\t\t\t\t<div class=\"elementor-shape elementor-shape-bottom\" aria-hidden=\"true\" data-negative=\"false\">\n\t\t\t<svg xmlns=\"http:\/\/www.w3.org\/2000\/svg\" viewBox=\"0 0 700 10\" preserveAspectRatio=\"none\">\n\t<path class=\"elementor-shape-fill\" d=\"M350,10L340,0h20L350,10z\"\/>\n<\/svg>\t\t<\/div>\n\t\t<div class=\"elementor-element elementor-element-12823749 e-flex e-con-boxed wpr-particle-no wpr-jarallax-no wpr-parallax-no wpr-sticky-section-no wpr-column-slider-no wpr-equal-height-no elementor-invisible e-con e-child\" data-id=\"12823749\" data-element_type=\"container\" data-e-type=\"container\" data-settings=\"{&quot;animation&quot;:&quot;zoomIn&quot;}\">\n\t\t\t\t\t<div class=\"e-con-inner\">\n\t\t\t\t<div class=\"elementor-element elementor-element-1d6c176f elementor-widget elementor-widget-heading\" data-id=\"1d6c176f\" data-element_type=\"widget\" data-e-type=\"widget\" data-widget_type=\"heading.default\">\n\t\t\t\t\t<h2 class=\"elementor-heading-title elementor-size-default\">Seja um Associado<\/h2>\t\t\t\t<\/div>\n\t\t\t\t<div class=\"elementor-element elementor-element-2f73cd09 elementor-widget elementor-widget-text-editor\" data-id=\"2f73cd09\" data-element_type=\"widget\" data-e-type=\"widget\" data-widget_type=\"text-editor.default\">\n\t\t\t\t\t\t\t\t\t<p>Ao associar-se voc\u00ea se tornar um cliente de todo o nosso sistema, obtendo in\u00fameros benef\u00edcios, servi\u00e7os e vantagens.<\/p>\t\t\t\t\t\t\t\t<\/div>\n\t\t\t\t<div class=\"elementor-element elementor-element-2b1c38ac wpr-button-icon-style-inline wpr-button-icon-position-right wpr-button-tooltip-position-bottom elementor-widget elementor-widget-wpr-button\" data-id=\"2b1c38ac\" data-element_type=\"widget\" data-e-type=\"widget\" data-widget_type=\"wpr-button.default\">\n\t\t\t\t\t\t\n\t\t\t\n\t\t\n\t\t<div class=\"wpr-button-wrap elementor-clearfix\">\n\t\t<a class=\"wpr-button wpr-button-effect wpr-button-none\" data-text=\"\" href=\"https:\/\/sindesp.org.br\/index.php\/seja-um-associado\/\">\n\t\t\t\n\t\t\t<span class=\"wpr-button-content\">\n\t\t\t\t\t\t\t\t\t<span class=\"wpr-button-text\">Associe-se\t<\/span>\n\t\t\t\t\t\t\t\t\n\t\t\t\t\t\t\t<\/span>\n\t\t<\/a>\n\n\t\t<div class=\"wpr-button-tooltip\"><p>Preencha o formul\u00e1rio para ser um associado<\/p><\/div>\t\t<\/div>\n\t\n\t\n\t\t\t\t\t<\/div>\n\t\t\t\t\t<\/div>\n\t\t\t\t<\/div>\n\t\t\t\t\t<\/div>\n\t\t\t\t<\/div>\n\t\t<div class=\"elementor-element elementor-element-3d85b59 e-flex e-con-boxed wpr-particle-no wpr-jarallax-no wpr-parallax-no wpr-sticky-section-no wpr-column-slider-no wpr-equal-height-no e-con e-parent\" data-id=\"3d85b59\" data-element_type=\"container\" data-e-type=\"container\" data-settings=\"{&quot;background_background&quot;:&quot;classic&quot;}\">\n\t\t\t\t\t<div class=\"e-con-inner\">\n\t\t<div class=\"elementor-element elementor-element-5ed68433 e-con-full elementor-hidden-mobile e-flex wpr-particle-no wpr-jarallax-no wpr-parallax-no wpr-sticky-section-no wpr-column-slider-no wpr-equal-height-no e-con e-child\" data-id=\"5ed68433\" data-element_type=\"container\" data-e-type=\"container\">\n\t\t\t\t<div class=\"elementor-element elementor-element-cc7c449 wpr-main-menu-align-center wpr-main-menu-align--tabletleft wpr-main-menu-align--mobileleft wpr-pointer-underline wpr-pointer-line-fx wpr-pointer-fx-fade wpr-sub-icon-caret-down wpr-sub-menu-fx-fade wpr-nav-menu-bp-mobile wpr-mobile-menu-full-width wpr-mobile-menu-item-align-center wpr-mobile-toggle-v1 wpr-sub-divider-yes wpr-mobile-divider-yes elementor-widget elementor-widget-wpr-nav-menu\" data-id=\"cc7c449\" data-element_type=\"widget\" data-e-type=\"widget\" data-settings=\"{&quot;menu_layout&quot;:&quot;horizontal&quot;}\" data-widget_type=\"wpr-nav-menu.default\">\n\t\t\t\t\t<nav class=\"wpr-nav-menu-container wpr-nav-menu-horizontal\" data-trigger=\"hover\" data-consider-header=\"\" data-scroll-speed=\"500\"><ul id=\"menu-1-cc7c449\" class=\"wpr-nav-menu\"><li class=\"menu-item menu-item-type-post_type menu-item-object-page menu-item-home menu-item-1936\"><a href=\"https:\/\/sindesp.org.br\/\" class=\"wpr-menu-item wpr-pointer-item\">Home<\/a><\/li>\n<li class=\"menu-item menu-item-type-post_type menu-item-object-page menu-item-has-children menu-item-1937\"><a aria-haspopup=\"true\" aria-expanded=\"false\" href=\"https:\/\/sindesp.org.br\/index.php\/sobre\/\" class=\"wpr-menu-item wpr-pointer-item\">O SINDESP<i class=\"wpr-sub-icon fas\" aria-hidden=\"true\"><\/i><\/a>\n<ul class=\"sub-menu wpr-sub-menu\">\n\t<li class=\"menu-item menu-item-type-custom menu-item-object-custom menu-item-2335\"><a href=\"https:\/\/sindesp.org.br\/index.php\/sobre\/\" class=\"wpr-sub-menu-item\">Quem somos<\/a><\/li>\n\t<li class=\"menu-item menu-item-type-post_type menu-item-object-page menu-item-3110\"><a href=\"https:\/\/sindesp.org.br\/index.php\/presidente\/\" class=\"wpr-sub-menu-item\">Presidente<\/a><\/li>\n\t<li class=\"menu-item menu-item-type-post_type menu-item-object-page menu-item-1940\"><a href=\"https:\/\/sindesp.org.br\/index.php\/diretoria\/\" class=\"wpr-sub-menu-item\">Diretoria<\/a><\/li>\n\t<li class=\"menu-item menu-item-type-post_type menu-item-object-page menu-item-1941\"><a href=\"https:\/\/sindesp.org.br\/index.php\/estatuto\/\" class=\"wpr-sub-menu-item\">Estatuto<\/a><\/li>\n\t<li class=\"menu-item menu-item-type-post_type menu-item-object-page menu-item-1933\"><a href=\"https:\/\/sindesp.org.br\/index.php\/fatos-relevantes\/\" class=\"wpr-sub-menu-item\">Fatos Relevantes<\/a><\/li>\n<\/ul>\n<\/li>\n<li class=\"menu-item menu-item-type-post_type menu-item-object-page menu-item-1943\"><a href=\"https:\/\/sindesp.org.br\/index.php\/seja-um-associado\/\" class=\"wpr-menu-item wpr-pointer-item\">Associe-se<\/a><\/li>\n<li class=\"menu-item menu-item-type-post_type menu-item-object-page menu-item-3871\"><a href=\"https:\/\/sindesp.org.br\/index.php\/blog\/\" class=\"wpr-menu-item wpr-pointer-item\">Blog<\/a><\/li>\n<li class=\"menu-item menu-item-type-post_type menu-item-object-page menu-item-1944\"><a href=\"https:\/\/sindesp.org.br\/index.php\/galerias\/\" class=\"wpr-menu-item wpr-pointer-item\">Galerias<\/a><\/li>\n<li class=\"menu-item menu-item-type-post_type menu-item-object-page menu-item-1942\"><a href=\"https:\/\/sindesp.org.br\/index.php\/convenios\/\" class=\"wpr-menu-item wpr-pointer-item\">Conv\u00eanios<\/a><\/li>\n<li class=\"menu-item menu-item-type-post_type menu-item-object-page menu-item-3111\"><a href=\"https:\/\/sindesp.org.br\/index.php\/mais-saude\/\" class=\"wpr-menu-item wpr-pointer-item\">Mais Sa\u00fade<\/a><\/li>\n<li class=\"menu-item menu-item-type-post_type menu-item-object-page menu-item-1939\"><a href=\"https:\/\/sindesp.org.br\/index.php\/piso-salarial\/\" class=\"wpr-menu-item wpr-pointer-item\">Piso Salarial<\/a><\/li>\n<li class=\"menu-item menu-item-type-post_type menu-item-object-page menu-item-1938\"><a href=\"https:\/\/sindesp.org.br\/index.php\/contato\/\" class=\"wpr-menu-item wpr-pointer-item\">Contato<\/a><\/li>\n<\/ul><\/nav><nav class=\"wpr-mobile-nav-menu-container\"><div class=\"wpr-mobile-toggle-wrap\"><div class=\"wpr-mobile-toggle\"><span class=\"wpr-mobile-toggle-line\"><\/span><span class=\"wpr-mobile-toggle-line\"><\/span><span class=\"wpr-mobile-toggle-line\"><\/span><\/div><\/div><ul id=\"mobile-menu-2-cc7c449\" class=\"wpr-mobile-nav-menu\"><li class=\"menu-item menu-item-type-post_type menu-item-object-page menu-item-home menu-item-1936\"><a href=\"https:\/\/sindesp.org.br\/\" class=\"wpr-mobile-menu-item\">Home<\/a><\/li>\n<li class=\"menu-item menu-item-type-post_type menu-item-object-page menu-item-has-children menu-item-1937\"><a href=\"https:\/\/sindesp.org.br\/index.php\/sobre\/\" class=\"wpr-mobile-menu-item\">O SINDESP<\/a>\n<ul class=\"sub-menu wpr-sub-menu\">\n\t<li class=\"menu-item menu-item-type-custom menu-item-object-custom menu-item-2335\"><a href=\"https:\/\/sindesp.org.br\/index.php\/sobre\/\" class=\"wpr-mobile-sub-menu-item\">Quem somos<\/a><\/li>\n\t<li class=\"menu-item menu-item-type-post_type menu-item-object-page menu-item-3110\"><a href=\"https:\/\/sindesp.org.br\/index.php\/presidente\/\" class=\"wpr-mobile-sub-menu-item\">Presidente<\/a><\/li>\n\t<li class=\"menu-item menu-item-type-post_type menu-item-object-page menu-item-1940\"><a href=\"https:\/\/sindesp.org.br\/index.php\/diretoria\/\" class=\"wpr-mobile-sub-menu-item\">Diretoria<\/a><\/li>\n\t<li class=\"menu-item menu-item-type-post_type menu-item-object-page menu-item-1941\"><a href=\"https:\/\/sindesp.org.br\/index.php\/estatuto\/\" class=\"wpr-mobile-sub-menu-item\">Estatuto<\/a><\/li>\n\t<li class=\"menu-item menu-item-type-post_type menu-item-object-page menu-item-1933\"><a href=\"https:\/\/sindesp.org.br\/index.php\/fatos-relevantes\/\" class=\"wpr-mobile-sub-menu-item\">Fatos Relevantes<\/a><\/li>\n<\/ul>\n<\/li>\n<li class=\"menu-item menu-item-type-post_type menu-item-object-page menu-item-1943\"><a href=\"https:\/\/sindesp.org.br\/index.php\/seja-um-associado\/\" class=\"wpr-mobile-menu-item\">Associe-se<\/a><\/li>\n<li class=\"menu-item menu-item-type-post_type menu-item-object-page menu-item-3871\"><a href=\"https:\/\/sindesp.org.br\/index.php\/blog\/\" class=\"wpr-mobile-menu-item\">Blog<\/a><\/li>\n<li class=\"menu-item menu-item-type-post_type menu-item-object-page menu-item-1944\"><a href=\"https:\/\/sindesp.org.br\/index.php\/galerias\/\" class=\"wpr-mobile-menu-item\">Galerias<\/a><\/li>\n<li class=\"menu-item menu-item-type-post_type menu-item-object-page menu-item-1942\"><a href=\"https:\/\/sindesp.org.br\/index.php\/convenios\/\" class=\"wpr-mobile-menu-item\">Conv\u00eanios<\/a><\/li>\n<li class=\"menu-item menu-item-type-post_type menu-item-object-page menu-item-3111\"><a href=\"https:\/\/sindesp.org.br\/index.php\/mais-saude\/\" class=\"wpr-mobile-menu-item\">Mais Sa\u00fade<\/a><\/li>\n<li class=\"menu-item menu-item-type-post_type menu-item-object-page menu-item-1939\"><a href=\"https:\/\/sindesp.org.br\/index.php\/piso-salarial\/\" class=\"wpr-mobile-menu-item\">Piso Salarial<\/a><\/li>\n<li class=\"menu-item menu-item-type-post_type menu-item-object-page menu-item-1938\"><a href=\"https:\/\/sindesp.org.br\/index.php\/contato\/\" class=\"wpr-mobile-menu-item\">Contato<\/a><\/li>\n<\/ul><\/nav>\t\t\t\t<\/div>\n\t\t\t\t<\/div>\n\t\t<div class=\"elementor-element elementor-element-35ff970f e-con-full e-flex wpr-particle-no wpr-jarallax-no wpr-parallax-no wpr-sticky-section-no wpr-column-slider-no wpr-equal-height-no e-con e-child\" data-id=\"35ff970f\" data-element_type=\"container\" data-e-type=\"container\">\n\t\t\t\t<div class=\"elementor-element elementor-element-2b3d76d1 elementor-widget__width-initial wpr-logo-position-center elementor-widget elementor-widget-wpr-logo\" data-id=\"2b3d76d1\" data-element_type=\"widget\" data-e-type=\"widget\" data-widget_type=\"wpr-logo.default\">\n\t\t\t\t\t\t\t\t\n\t\t\t<div class=\"wpr-logo elementor-clearfix\">\n\n\t\t\t\t\t\t\t\t<picture class=\"wpr-logo-image\">\n\t\t\t\t\t\t\t\t\t\t<source media=\"(max-width: 767px)\" srcset=\"https:\/\/sindesp.org.br\/wp-content\/uploads\/2025\/09\/Untitled_design-removebg-preview-2.png\">\t\n\t\t\t\t\t\n\t\t\t\t\t\t\t\t\t\t<source srcset=\"https:\/\/sindesp.org.br\/wp-content\/uploads\/2025\/09\/Untitled_design-removebg-preview-2.png 1x, https:\/\/sindesp.org.br\/wp-content\/uploads\/2025\/09\/Untitled_design-removebg-preview-2.png 2x\">\t\n\t\t\t\t\t\t\t\t\t\t\n\t\t\t\t\t<img decoding=\"async\" src=\"https:\/\/sindesp.org.br\/wp-content\/uploads\/2025\/09\/Untitled_design-removebg-preview-2.png\" alt=\"\">\n\n\t\t\t\t\t\t\t\t\t\t\t<a class=\"wpr-logo-url\" rel=\"home\" aria-label=\"\" href=\"https:\/\/sindesp.org.br\/\"><\/a>\n\t\t\t\t\t\t\t\t\t<\/picture>\n\t\t\t\t\n\t\t\t\t\n\t\t\t\t\t\t\t\t\t<a class=\"wpr-logo-url\" rel=\"home\" aria-label=\"\" href=\"https:\/\/sindesp.org.br\/\"><\/a>\n\t\t\t\t\n\t\t\t<\/div>\n\t\t\t\t\n\t\t\t\t\t\t<\/div>\n\t\t\t\t<\/div>\n\t\t<div class=\"elementor-element elementor-element-3a1ded1e e-con-full e-flex wpr-particle-no wpr-jarallax-no wpr-parallax-no wpr-sticky-section-no wpr-column-slider-no wpr-equal-height-no e-con e-child\" data-id=\"3a1ded1e\" data-element_type=\"container\" data-e-type=\"container\">\n\t\t\t\t<div class=\"elementor-element elementor-element-49a4ed9a elementor-widget elementor-widget-text-editor\" data-id=\"49a4ed9a\" data-element_type=\"widget\" data-e-type=\"widget\" data-widget_type=\"text-editor.default\">\n\t\t\t\t\t\t\t\t\t<p>Digi&amp;tal Networks Todos os direitos reservados<\/p>\t\t\t\t\t\t\t\t<\/div>\n\t\t\t\t<\/div>\n\t\t\t\t\t<\/div>\n\t\t\t\t<\/div>\n\t\t\t\t<\/div>\n\t\t","protected":false},"excerpt":{"rendered":"<p>Benef\u00edcios Benef\u00edcios para Professores Sindicalizados Se voc\u00ea \u00e9 professor sindicalizado no Sindesp, pode aproveitar diversos servi\u00e7os de sa\u00fade sem custo adicional.\u00a0\u2714 Consultas presenciais ou online com:\u2022M\u00e9dicos\u2022Psic\u00f3logos\u2022Fisioterapeutas\u00a0\u27a1 O atendimento tamb\u00e9m se estende \u00e0 sua fam\u00edlia: esposa, filhos e netos podem utilizar esse benef\u00edcio gratuitamente.\u00a0\ud83d\udcde Para agendar sua consulta, entre em contato pelo WhatsApp: (85) 99616-0705\u00a0Estamos prontos para cuidar de voc\u00ea e da sua fam\u00edlia.Sindesp \u2013 desde 13\/09\/1989 defendendo e cuidando do professor. Seja um Associado Ao associar-se voc\u00ea se tornar um cliente de todo o nosso sistema, obtendo in\u00fameros benef\u00edcios, servi\u00e7os e vantagens. Associe-se Preencha o formul\u00e1rio para ser um associado Home O SINDESP Quem somos Presidente Diretoria Estatuto Fatos Relevantes Associe-se Galerias Conv\u00eanios Mais Sa\u00fade Piso Salarial Contato Home O SINDESP Quem somos Presidente Diretoria Estatuto Fatos Relevantes Associe-se Galerias Conv\u00eanios Mais Sa\u00fade Piso Salarial Contato Digi&amp;tal Networks Todos os direitos reservados<\/p>\n","protected":false},"author":1,"featured_media":0,"parent":0,"menu_order":0,"comment_status":"closed","ping_status":"closed","template":"elementor_header_footer","meta":{"_joinchat":[],"footnotes":""},"class_list":["post-1264","page","type-page","status-publish","hentry"],"_links":{"self":[{"href":"https:\/\/sindesp.org.br\/index.php\/wp-json\/wp\/v2\/pages\/1264","targetHints":{"allow":["GET"]}}],"collection":[{"href":"https:\/\/sindesp.org.br\/index.php\/wp-json\/wp\/v2\/pages"}],"about":[{"href":"https:\/\/sindesp.org.br\/index.php\/wp-json\/wp\/v2\/types\/page"}],"author":[{"embeddable":true,"href":"https:\/\/sindesp.org.br\/index.php\/wp-json\/wp\/v2\/users\/1"}],"replies":[{"embeddable":true,"href":"https:\/\/sindesp.org.br\/index.php\/wp-json\/wp\/v2\/comments?post=1264"}],"version-history":[{"count":26,"href":"https:\/\/sindesp.org.br\/index.php\/wp-json\/wp\/v2\/pages\/1264\/revisions"}],"predecessor-version":[{"id":3801,"href":"https:\/\/sindesp.org.br\/index.php\/wp-json\/wp\/v2\/pages\/1264\/revisions\/3801"}],"wp:attachment":[{"href":"https:\/\/sindesp.org.br\/index.php\/wp-json\/wp\/v2\/media?parent=1264"}],"curies":[{"name":"wp","href":"https:\/\/api.w.org\/{rel}","templated":true}]}}