{"id":987,"date":"2024-05-20T07:54:44","date_gmt":"2024-05-20T10:54:44","guid":{"rendered":"https:\/\/demosites.royal-elementor-addons.com\/graphic-nature-v1\/?page_id=8"},"modified":"2025-12-19T12:07:57","modified_gmt":"2025-12-19T15:07:57","slug":"sobre","status":"publish","type":"page","link":"https:\/\/sindesp.org.br\/index.php\/sobre\/","title":{"rendered":"Sobre"},"content":{"rendered":"\t\t<div data-elementor-type=\"wp-page\" data-elementor-id=\"987\" class=\"elementor elementor-987\" data-elementor-post-type=\"page\">\n\t\t\t\t<div class=\"elementor-element elementor-element-1b32b76 e-flex e-con-boxed wpr-particle-no wpr-jarallax-no wpr-parallax-no wpr-sticky-section-no wpr-column-slider-no wpr-equal-height-no e-con e-parent\" data-id=\"1b32b76\" data-element_type=\"container\" data-e-type=\"container\" data-settings=\"{&quot;background_background&quot;:&quot;classic&quot;,&quot;shape_divider_bottom&quot;:&quot;book&quot;}\">\n\t\t\t\t\t<div class=\"e-con-inner\">\n\t\t\t\t<div class=\"elementor-shape elementor-shape-bottom\" aria-hidden=\"true\" data-negative=\"false\">\n\t\t\t<svg xmlns=\"http:\/\/www.w3.org\/2000\/svg\" viewBox=\"0 0 1000 100\" preserveAspectRatio=\"none\">\n\t<path class=\"elementor-shape-fill\" d=\"M194,99c186.7,0.7,305-78.3,306-97.2c1,18.9,119.3,97.9,306,97.2c114.3-0.3,194,0.3,194,0.3s0-91.7,0-100c0,0,0,0,0-0 L0,0v99.3C0,99.3,79.7,98.7,194,99z\"\/>\n<\/svg>\t\t<\/div>\n\t\t\t\t<div class=\"elementor-element elementor-element-3ce9f70 elementor-widget elementor-widget-heading\" data-id=\"3ce9f70\" data-element_type=\"widget\" data-e-type=\"widget\" data-widget_type=\"heading.default\">\n\t\t\t\t\t<h2 class=\"elementor-heading-title elementor-size-default\">O SINDESP<\/h2>\t\t\t\t<\/div>\n\t\t\t\t\t<\/div>\n\t\t\t\t<\/div>\n\t\t<div class=\"elementor-element elementor-element-15715ee e-flex e-con-boxed wpr-particle-no wpr-jarallax-no wpr-parallax-no wpr-sticky-section-no wpr-column-slider-no wpr-equal-height-no e-con e-parent\" data-id=\"15715ee\" data-element_type=\"container\" data-e-type=\"container\">\n\t\t\t\t\t<div class=\"e-con-inner\">\n\t\t<div class=\"elementor-element elementor-element-4f219e8 e-flex e-con-boxed wpr-particle-no wpr-jarallax-no wpr-parallax-no wpr-sticky-section-no wpr-column-slider-no wpr-equal-height-no elementor-invisible e-con e-child\" data-id=\"4f219e8\" data-element_type=\"container\" data-e-type=\"container\" data-settings=\"{&quot;animation&quot;:&quot;slideInLeft&quot;}\">\n\t\t\t\t\t<div class=\"e-con-inner\">\n\t\t\t\t<div class=\"elementor-element elementor-element-4c8c662 elementor-widget elementor-widget-image\" data-id=\"4c8c662\" data-element_type=\"widget\" data-e-type=\"widget\" data-widget_type=\"image.default\">\n\t\t\t\t\t\t\t\t\t\t\t\t\t\t\t<img decoding=\"async\" src=\"https:\/\/digietal.net\/projetos\/wp-content\/uploads\/2025\/05\/foto-ata-fundacao-1.png\" title=\"\" alt=\"\" loading=\"lazy\" \/>\t\t\t\t\t\t\t\t\t\t\t\t\t\t\t<\/div>\n\t\t\t\t\t<\/div>\n\t\t\t\t<\/div>\n\t\t<div class=\"elementor-element elementor-element-131d9e2 e-flex e-con-boxed wpr-particle-no wpr-jarallax-no wpr-parallax-no wpr-sticky-section-no wpr-column-slider-no wpr-equal-height-no elementor-invisible e-con e-child\" data-id=\"131d9e2\" data-element_type=\"container\" data-e-type=\"container\" data-settings=\"{&quot;animation&quot;:&quot;slideInRight&quot;}\">\n\t\t\t\t\t<div class=\"e-con-inner\">\n\t\t\t\t<div class=\"elementor-element elementor-element-5dbd780 elementor-widget elementor-widget-heading\" data-id=\"5dbd780\" data-element_type=\"widget\" data-e-type=\"widget\" data-widget_type=\"heading.default\">\n\t\t\t\t\t<h2 class=\"elementor-heading-title elementor-size-default\">Foto da ata de funda\u00e7\u00e3o do SINDESP<\/h2>\t\t\t\t<\/div>\n\t\t\t\t<div class=\"elementor-element elementor-element-9756cf7 elementor-align-center elementor-widget elementor-widget-button\" data-id=\"9756cf7\" data-element_type=\"widget\" data-e-type=\"widget\" data-widget_type=\"button.default\">\n\t\t\t\t\t\t\t\t\t\t<a class=\"elementor-button elementor-button-link elementor-size-sm\" href=\"#\">\n\t\t\t\t\t\t<span class=\"elementor-button-content-wrapper\">\n\t\t\t\t\t\t\t\t\t<span class=\"elementor-button-text\">CLIQUE AQUI E VEJA O ESTATUTO DO SINDESP<\/span>\n\t\t\t\t\t<\/span>\n\t\t\t\t\t<\/a>\n\t\t\t\t\t\t\t\t<\/div>\n\t\t\t\t\t<\/div>\n\t\t\t\t<\/div>\n\t\t\t\t\t<\/div>\n\t\t\t\t<\/div>\n\t\t<div class=\"elementor-element elementor-element-83b1f86 e-flex e-con-boxed wpr-particle-no wpr-jarallax-no wpr-parallax-no wpr-sticky-section-no wpr-column-slider-no wpr-equal-height-no e-con e-parent\" data-id=\"83b1f86\" data-element_type=\"container\" data-e-type=\"container\">\n\t\t\t\t\t<div class=\"e-con-inner\">\n\t\t<div class=\"elementor-element elementor-element-e2a3f62 e-flex e-con-boxed wpr-particle-no wpr-jarallax-no wpr-parallax-no wpr-sticky-section-no wpr-column-slider-no wpr-equal-height-no e-con e-child\" data-id=\"e2a3f62\" data-element_type=\"container\" data-e-type=\"container\">\n\t\t\t\t\t<div class=\"e-con-inner\">\n\t\t\t\t<div class=\"elementor-element elementor-element-60657b8 elementor-widget elementor-widget-heading\" data-id=\"60657b8\" data-element_type=\"widget\" data-e-type=\"widget\" data-widget_type=\"heading.default\">\n\t\t\t\t\t<h2 class=\"elementor-heading-title elementor-size-default\">O SINDESP<\/h2>\t\t\t\t<\/div>\n\t\t<div class=\"elementor-element elementor-element-44521e0 e-flex e-con-boxed wpr-particle-no wpr-jarallax-no wpr-parallax-no wpr-sticky-section-no wpr-column-slider-no wpr-equal-height-no e-con e-child\" data-id=\"44521e0\" data-element_type=\"container\" data-e-type=\"container\">\n\t\t\t\t\t<div class=\"e-con-inner\">\n\t\t\t\t<div class=\"elementor-element elementor-element-2267b74 elementor-widget elementor-widget-text-editor\" data-id=\"2267b74\" data-element_type=\"widget\" data-e-type=\"widget\" data-widget_type=\"text-editor.default\">\n\t\t\t\t\t\t\t\t\t<p>Em meados da d\u00e9cada de 1980 os professores da UECE criaram uma entidade que deveria defender seus interesses, a\u00a0<strong>Associa\u00e7\u00e3o dos Professores da Universidade Estadual do Cear\u00e1 \u2013 APUC<\/strong>. Seu primeiro presidente foi o professor Rui Alencar Araripe sucedido pelo professor Hamilton Mota. O\u00a0<strong>Sindicato dos Docentes do Ensino Superior P\u00fablico do Estado do Cear\u00e1 \u2013 SINDESP<\/strong>\u00a0\u00e9 sucessor da antiga\u00a0<strong>APUC<\/strong>.<\/p><p>O SINDESP foi criado em Assembleia de professores da UECE, da URCA e da UVA, convocada atrav\u00e9s de edital publicada no dia 07 de setembro de 1989 no jornal O POVO e realizada no dia 13 de setembro de 1989 no audit\u00f3rio Central do Campus do Itaperi.<\/p><p>A pauta contemplava tr\u00eas itens: a cria\u00e7\u00e3o do Sindicato, a aprova\u00e7\u00e3o do estatuto e a escolha de uma diretoria provis\u00f3ria. Compuseram a mesa dirigente dos trabalhos os professores Francisco Pessoa Furtado, Guilherme Sergio Tavares Cavalcante, Jos\u00e9 Maria Gomes Loiola, Francisco Auto Filho, Maria Ivanira Oliveira, Francisco Valentim de A. Neto e Gilberto Leit\u00e3o de Castro e Silva.<\/p><p>A primeira Diretoria Executiva foi constitu\u00edda pelos docentes: Francisco Pessoa Furtado, presidente \u2013 Guilherme S\u00e9rgio Tavares Cavalcante \u2013 vice-presidente, Jos\u00e9 Maria Gomes Loiola \u2013 vice-presidente regional da UVA, Fernando Peixoto de Melo \u2013 vice-presidente Regional da URCA, Gilberto Leit\u00e3o de Castro e Silva- Secret\u00e1rio \u2013 Geral , Raimundo Luiz do Nascimento \u2013 1\u00ba secret\u00e1rio , Adolfo Claudio Mentor Melo \u2013 Diretor de Finan\u00e7as, Manoel Valdecir de Vasconcelos \u2013 1\u00ba Diretor de Finan\u00e7as, Francisco Adegildo Ferrer \u2013 Diretor de Forma\u00e7\u00e3o Sindical, Jos\u00e9 Ednardo Silveira Albuquerque \u2013 Diretor de Rela\u00e7\u00f5es Sindicais, Paulo Roberto de A. Nunes \u2013 Diretor de Divulga\u00e7\u00e3o e Cultura.<\/p>\t\t\t\t\t\t\t\t<\/div>\n\t\t\t\t\t<\/div>\n\t\t\t\t<\/div>\n\t\t\t\t\t<\/div>\n\t\t\t\t<\/div>\n\t\t\t\t\t<\/div>\n\t\t\t\t<\/div>\n\t\t<div class=\"elementor-element elementor-element-68b8c860 e-flex e-con-boxed wpr-particle-no wpr-jarallax-no wpr-parallax-no wpr-sticky-section-no wpr-column-slider-no wpr-equal-height-no e-con e-parent\" data-id=\"68b8c860\" data-element_type=\"container\" data-e-type=\"container\" data-settings=\"{&quot;background_background&quot;:&quot;classic&quot;,&quot;shape_divider_bottom&quot;:&quot;arrow&quot;}\">\n\t\t\t\t\t<div class=\"e-con-inner\">\n\t\t\t\t<div class=\"elementor-shape elementor-shape-bottom\" aria-hidden=\"true\" data-negative=\"false\">\n\t\t\t<svg xmlns=\"http:\/\/www.w3.org\/2000\/svg\" viewBox=\"0 0 700 10\" preserveAspectRatio=\"none\">\n\t<path class=\"elementor-shape-fill\" d=\"M350,10L340,0h20L350,10z\"\/>\n<\/svg>\t\t<\/div>\n\t\t<div class=\"elementor-element elementor-element-54dd75d1 e-flex e-con-boxed wpr-particle-no wpr-jarallax-no wpr-parallax-no wpr-sticky-section-no wpr-column-slider-no wpr-equal-height-no elementor-invisible e-con e-child\" data-id=\"54dd75d1\" data-element_type=\"container\" data-e-type=\"container\" data-settings=\"{&quot;animation&quot;:&quot;zoomIn&quot;}\">\n\t\t\t\t\t<div class=\"e-con-inner\">\n\t\t\t\t<div class=\"elementor-element elementor-element-797ace2c elementor-widget elementor-widget-heading\" data-id=\"797ace2c\" data-element_type=\"widget\" data-e-type=\"widget\" data-widget_type=\"heading.default\">\n\t\t\t\t\t<h2 class=\"elementor-heading-title elementor-size-default\">Seja um Associado<\/h2>\t\t\t\t<\/div>\n\t\t\t\t<div class=\"elementor-element elementor-element-2182b062 elementor-widget elementor-widget-text-editor\" data-id=\"2182b062\" data-element_type=\"widget\" data-e-type=\"widget\" data-widget_type=\"text-editor.default\">\n\t\t\t\t\t\t\t\t\t<p>Ao associar-se voc\u00ea se tornar um cliente de todo o nosso sistema, obtendo in\u00fameros benef\u00edcios, servi\u00e7os e vantagens.<\/p>\t\t\t\t\t\t\t\t<\/div>\n\t\t\t\t<div class=\"elementor-element elementor-element-4dadb789 wpr-button-icon-style-inline wpr-button-icon-position-right wpr-button-tooltip-position-bottom elementor-widget elementor-widget-wpr-button\" data-id=\"4dadb789\" data-element_type=\"widget\" data-e-type=\"widget\" data-widget_type=\"wpr-button.default\">\n\t\t\t\t\t\t\n\t\t\t\n\t\t\n\t\t<div class=\"wpr-button-wrap elementor-clearfix\">\n\t\t<a class=\"wpr-button wpr-button-effect wpr-button-none\" data-text=\"\" href=\"https:\/\/sindesp.org.br\/index.php\/seja-um-associado\/\">\n\t\t\t\n\t\t\t<span class=\"wpr-button-content\">\n\t\t\t\t\t\t\t\t\t<span class=\"wpr-button-text\">Associe-se\t<\/span>\n\t\t\t\t\t\t\t\t\n\t\t\t\t\t\t\t<\/span>\n\t\t<\/a>\n\n\t\t<div class=\"wpr-button-tooltip\"><p>Preencha o formul\u00e1rio para ser um associado<\/p><\/div>\t\t<\/div>\n\t\n\t\n\t\t\t\t\t<\/div>\n\t\t\t\t\t<\/div>\n\t\t\t\t<\/div>\n\t\t\t\t\t<\/div>\n\t\t\t\t<\/div>\n\t\t<div class=\"elementor-element elementor-element-19224a03 e-flex e-con-boxed wpr-particle-no wpr-jarallax-no wpr-parallax-no wpr-sticky-section-no wpr-column-slider-no wpr-equal-height-no e-con e-parent\" data-id=\"19224a03\" data-element_type=\"container\" data-e-type=\"container\" data-settings=\"{&quot;background_background&quot;:&quot;classic&quot;}\">\n\t\t\t\t\t<div class=\"e-con-inner\">\n\t\t<div class=\"elementor-element elementor-element-4befc6a2 e-con-full elementor-hidden-mobile e-flex wpr-particle-no wpr-jarallax-no wpr-parallax-no wpr-sticky-section-no wpr-column-slider-no wpr-equal-height-no e-con e-child\" data-id=\"4befc6a2\" data-element_type=\"container\" data-e-type=\"container\">\n\t\t\t\t<div class=\"elementor-element elementor-element-3474f367 wpr-main-menu-align-center wpr-main-menu-align--tabletleft wpr-main-menu-align--mobileleft wpr-pointer-underline wpr-pointer-line-fx wpr-pointer-fx-fade wpr-sub-icon-caret-down wpr-sub-menu-fx-fade wpr-nav-menu-bp-mobile wpr-mobile-menu-full-width wpr-mobile-menu-item-align-center wpr-mobile-toggle-v1 wpr-sub-divider-yes wpr-mobile-divider-yes elementor-widget elementor-widget-wpr-nav-menu\" data-id=\"3474f367\" data-element_type=\"widget\" data-e-type=\"widget\" data-settings=\"{&quot;menu_layout&quot;:&quot;horizontal&quot;}\" data-widget_type=\"wpr-nav-menu.default\">\n\t\t\t\t\t<nav class=\"wpr-nav-menu-container wpr-nav-menu-horizontal\" data-trigger=\"hover\" data-consider-header=\"\" data-scroll-speed=\"500\"><ul id=\"menu-1-3474f367\" class=\"wpr-nav-menu\"><li class=\"menu-item menu-item-type-post_type menu-item-object-page menu-item-home menu-item-1936\"><a href=\"https:\/\/sindesp.org.br\/\" class=\"wpr-menu-item wpr-pointer-item\">Home<\/a><\/li>\n<li class=\"menu-item menu-item-type-post_type menu-item-object-page menu-item-has-children menu-item-1937\"><a aria-haspopup=\"true\" aria-expanded=\"false\" href=\"https:\/\/sindesp.org.br\/index.php\/sobre\/\" class=\"wpr-menu-item wpr-pointer-item\">O SINDESP<i class=\"wpr-sub-icon fas\" aria-hidden=\"true\"><\/i><\/a>\n<ul class=\"sub-menu wpr-sub-menu\">\n\t<li class=\"menu-item menu-item-type-custom menu-item-object-custom menu-item-2335\"><a href=\"https:\/\/sindesp.org.br\/index.php\/sobre\/\" class=\"wpr-sub-menu-item\">Quem somos<\/a><\/li>\n\t<li class=\"menu-item menu-item-type-post_type menu-item-object-page menu-item-3110\"><a href=\"https:\/\/sindesp.org.br\/index.php\/presidente\/\" class=\"wpr-sub-menu-item\">Presidente<\/a><\/li>\n\t<li class=\"menu-item menu-item-type-post_type menu-item-object-page menu-item-1940\"><a href=\"https:\/\/sindesp.org.br\/index.php\/diretoria\/\" class=\"wpr-sub-menu-item\">Diretoria<\/a><\/li>\n\t<li class=\"menu-item menu-item-type-post_type menu-item-object-page menu-item-1941\"><a href=\"https:\/\/sindesp.org.br\/index.php\/estatuto\/\" class=\"wpr-sub-menu-item\">Estatuto<\/a><\/li>\n\t<li class=\"menu-item menu-item-type-post_type menu-item-object-page menu-item-1933\"><a href=\"https:\/\/sindesp.org.br\/index.php\/fatos-relevantes\/\" class=\"wpr-sub-menu-item\">Fatos Relevantes<\/a><\/li>\n<\/ul>\n<\/li>\n<li class=\"menu-item menu-item-type-post_type menu-item-object-page menu-item-1943\"><a href=\"https:\/\/sindesp.org.br\/index.php\/seja-um-associado\/\" class=\"wpr-menu-item wpr-pointer-item\">Associe-se<\/a><\/li>\n<li class=\"menu-item menu-item-type-post_type menu-item-object-page menu-item-3871\"><a href=\"https:\/\/sindesp.org.br\/index.php\/blog\/\" class=\"wpr-menu-item wpr-pointer-item\">Blog<\/a><\/li>\n<li class=\"menu-item menu-item-type-post_type menu-item-object-page menu-item-1944\"><a href=\"https:\/\/sindesp.org.br\/index.php\/galerias\/\" class=\"wpr-menu-item wpr-pointer-item\">Galerias<\/a><\/li>\n<li class=\"menu-item menu-item-type-post_type menu-item-object-page menu-item-1942\"><a href=\"https:\/\/sindesp.org.br\/index.php\/convenios\/\" class=\"wpr-menu-item wpr-pointer-item\">Conv\u00eanios<\/a><\/li>\n<li class=\"menu-item menu-item-type-post_type menu-item-object-page menu-item-3111\"><a href=\"https:\/\/sindesp.org.br\/index.php\/mais-saude\/\" class=\"wpr-menu-item wpr-pointer-item\">Mais Sa\u00fade<\/a><\/li>\n<li class=\"menu-item menu-item-type-post_type menu-item-object-page menu-item-1939\"><a href=\"https:\/\/sindesp.org.br\/index.php\/piso-salarial\/\" class=\"wpr-menu-item wpr-pointer-item\">Piso Salarial<\/a><\/li>\n<li class=\"menu-item menu-item-type-post_type menu-item-object-page menu-item-1938\"><a href=\"https:\/\/sindesp.org.br\/index.php\/contato\/\" class=\"wpr-menu-item wpr-pointer-item\">Contato<\/a><\/li>\n<\/ul><\/nav><nav class=\"wpr-mobile-nav-menu-container\"><div class=\"wpr-mobile-toggle-wrap\"><div class=\"wpr-mobile-toggle\"><span class=\"wpr-mobile-toggle-line\"><\/span><span class=\"wpr-mobile-toggle-line\"><\/span><span class=\"wpr-mobile-toggle-line\"><\/span><\/div><\/div><ul id=\"mobile-menu-2-3474f367\" class=\"wpr-mobile-nav-menu\"><li class=\"menu-item menu-item-type-post_type menu-item-object-page menu-item-home menu-item-1936\"><a href=\"https:\/\/sindesp.org.br\/\" class=\"wpr-mobile-menu-item\">Home<\/a><\/li>\n<li class=\"menu-item menu-item-type-post_type menu-item-object-page menu-item-has-children menu-item-1937\"><a href=\"https:\/\/sindesp.org.br\/index.php\/sobre\/\" class=\"wpr-mobile-menu-item\">O SINDESP<\/a>\n<ul class=\"sub-menu wpr-sub-menu\">\n\t<li class=\"menu-item menu-item-type-custom menu-item-object-custom menu-item-2335\"><a href=\"https:\/\/sindesp.org.br\/index.php\/sobre\/\" class=\"wpr-mobile-sub-menu-item\">Quem somos<\/a><\/li>\n\t<li class=\"menu-item menu-item-type-post_type menu-item-object-page menu-item-3110\"><a href=\"https:\/\/sindesp.org.br\/index.php\/presidente\/\" class=\"wpr-mobile-sub-menu-item\">Presidente<\/a><\/li>\n\t<li class=\"menu-item menu-item-type-post_type menu-item-object-page menu-item-1940\"><a href=\"https:\/\/sindesp.org.br\/index.php\/diretoria\/\" class=\"wpr-mobile-sub-menu-item\">Diretoria<\/a><\/li>\n\t<li class=\"menu-item menu-item-type-post_type menu-item-object-page menu-item-1941\"><a href=\"https:\/\/sindesp.org.br\/index.php\/estatuto\/\" class=\"wpr-mobile-sub-menu-item\">Estatuto<\/a><\/li>\n\t<li class=\"menu-item menu-item-type-post_type menu-item-object-page menu-item-1933\"><a href=\"https:\/\/sindesp.org.br\/index.php\/fatos-relevantes\/\" class=\"wpr-mobile-sub-menu-item\">Fatos Relevantes<\/a><\/li>\n<\/ul>\n<\/li>\n<li class=\"menu-item menu-item-type-post_type menu-item-object-page menu-item-1943\"><a href=\"https:\/\/sindesp.org.br\/index.php\/seja-um-associado\/\" class=\"wpr-mobile-menu-item\">Associe-se<\/a><\/li>\n<li class=\"menu-item menu-item-type-post_type menu-item-object-page menu-item-3871\"><a href=\"https:\/\/sindesp.org.br\/index.php\/blog\/\" class=\"wpr-mobile-menu-item\">Blog<\/a><\/li>\n<li class=\"menu-item menu-item-type-post_type menu-item-object-page menu-item-1944\"><a href=\"https:\/\/sindesp.org.br\/index.php\/galerias\/\" class=\"wpr-mobile-menu-item\">Galerias<\/a><\/li>\n<li class=\"menu-item menu-item-type-post_type menu-item-object-page menu-item-1942\"><a href=\"https:\/\/sindesp.org.br\/index.php\/convenios\/\" class=\"wpr-mobile-menu-item\">Conv\u00eanios<\/a><\/li>\n<li class=\"menu-item menu-item-type-post_type menu-item-object-page menu-item-3111\"><a href=\"https:\/\/sindesp.org.br\/index.php\/mais-saude\/\" class=\"wpr-mobile-menu-item\">Mais Sa\u00fade<\/a><\/li>\n<li class=\"menu-item menu-item-type-post_type menu-item-object-page menu-item-1939\"><a href=\"https:\/\/sindesp.org.br\/index.php\/piso-salarial\/\" class=\"wpr-mobile-menu-item\">Piso Salarial<\/a><\/li>\n<li class=\"menu-item menu-item-type-post_type menu-item-object-page menu-item-1938\"><a href=\"https:\/\/sindesp.org.br\/index.php\/contato\/\" class=\"wpr-mobile-menu-item\">Contato<\/a><\/li>\n<\/ul><\/nav>\t\t\t\t<\/div>\n\t\t\t\t<\/div>\n\t\t<div class=\"elementor-element elementor-element-4a1a46ef e-con-full e-flex wpr-particle-no wpr-jarallax-no wpr-parallax-no wpr-sticky-section-no wpr-column-slider-no wpr-equal-height-no e-con e-child\" data-id=\"4a1a46ef\" data-element_type=\"container\" data-e-type=\"container\">\n\t\t\t\t<div class=\"elementor-element elementor-element-69328fe9 elementor-widget__width-initial wpr-logo-position-center elementor-widget elementor-widget-wpr-logo\" data-id=\"69328fe9\" data-element_type=\"widget\" data-e-type=\"widget\" data-widget_type=\"wpr-logo.default\">\n\t\t\t\t\t\t\t\t\n\t\t\t<div class=\"wpr-logo elementor-clearfix\">\n\n\t\t\t\t\t\t\t\t<picture class=\"wpr-logo-image\">\n\t\t\t\t\t\t\t\t\t\t<source media=\"(max-width: 767px)\" srcset=\"https:\/\/sindesp.org.br\/wp-content\/uploads\/2025\/09\/Untitled_design-removebg-preview-2.png\">\t\n\t\t\t\t\t\n\t\t\t\t\t\t\t\t\t\t<source srcset=\"https:\/\/sindesp.org.br\/wp-content\/uploads\/2025\/09\/Untitled_design-removebg-preview-2.png 1x, https:\/\/sindesp.org.br\/wp-content\/uploads\/2025\/09\/Untitled_design-removebg-preview-2.png 2x\">\t\n\t\t\t\t\t\t\t\t\t\t\n\t\t\t\t\t<img decoding=\"async\" src=\"https:\/\/sindesp.org.br\/wp-content\/uploads\/2025\/09\/Untitled_design-removebg-preview-2.png\" alt=\"\">\n\n\t\t\t\t\t\t\t\t\t\t\t<a class=\"wpr-logo-url\" rel=\"home\" aria-label=\"\" href=\"https:\/\/sindesp.org.br\/\"><\/a>\n\t\t\t\t\t\t\t\t\t<\/picture>\n\t\t\t\t\n\t\t\t\t\n\t\t\t\t\t\t\t\t\t<a class=\"wpr-logo-url\" rel=\"home\" aria-label=\"\" href=\"https:\/\/sindesp.org.br\/\"><\/a>\n\t\t\t\t\n\t\t\t<\/div>\n\t\t\t\t\n\t\t\t\t\t\t<\/div>\n\t\t\t\t<\/div>\n\t\t<div class=\"elementor-element elementor-element-2a7df5f e-con-full e-flex wpr-particle-no wpr-jarallax-no wpr-parallax-no wpr-sticky-section-no wpr-column-slider-no wpr-equal-height-no e-con e-child\" data-id=\"2a7df5f\" data-element_type=\"container\" data-e-type=\"container\">\n\t\t\t\t<div class=\"elementor-element elementor-element-11d84a10 elementor-widget elementor-widget-text-editor\" data-id=\"11d84a10\" data-element_type=\"widget\" data-e-type=\"widget\" data-widget_type=\"text-editor.default\">\n\t\t\t\t\t\t\t\t\t<p>Digi&amp;tal Networks Todos os direitos reservados<\/p>\t\t\t\t\t\t\t\t<\/div>\n\t\t\t\t<\/div>\n\t\t\t\t\t<\/div>\n\t\t\t\t<\/div>\n\t\t\t\t<\/div>\n\t\t","protected":false},"excerpt":{"rendered":"<p>O SINDESP Foto da ata de funda\u00e7\u00e3o do SINDESP CLIQUE AQUI E VEJA O ESTATUTO DO SINDESP O SINDESP Em meados da d\u00e9cada de 1980 os professores da UECE criaram uma entidade que deveria defender seus interesses, a\u00a0Associa\u00e7\u00e3o dos Professores da Universidade Estadual do Cear\u00e1 \u2013 APUC. Seu primeiro presidente foi o professor Rui Alencar Araripe sucedido pelo professor Hamilton Mota. O\u00a0Sindicato dos Docentes do Ensino Superior P\u00fablico do Estado do Cear\u00e1 \u2013 SINDESP\u00a0\u00e9 sucessor da antiga\u00a0APUC. O SINDESP foi criado em Assembleia de professores da UECE, da URCA e da UVA, convocada atrav\u00e9s de edital publicada no dia 07 de setembro de 1989 no jornal O POVO e realizada no dia 13 de setembro de 1989 no audit\u00f3rio Central do Campus do Itaperi. A pauta contemplava tr\u00eas itens: a cria\u00e7\u00e3o do Sindicato, a aprova\u00e7\u00e3o do estatuto e a escolha de uma diretoria provis\u00f3ria. Compuseram a mesa dirigente dos trabalhos os professores Francisco Pessoa Furtado, Guilherme Sergio Tavares Cavalcante, Jos\u00e9 Maria Gomes Loiola, Francisco Auto Filho, Maria Ivanira Oliveira, Francisco Valentim de A. Neto e Gilberto Leit\u00e3o de Castro e Silva. A primeira Diretoria Executiva foi constitu\u00edda pelos docentes: Francisco Pessoa Furtado, presidente \u2013 Guilherme S\u00e9rgio Tavares Cavalcante \u2013 vice-presidente, Jos\u00e9 Maria Gomes Loiola \u2013 vice-presidente regional da UVA, Fernando Peixoto de Melo \u2013 vice-presidente Regional da URCA, Gilberto Leit\u00e3o de Castro e Silva- Secret\u00e1rio \u2013 Geral , Raimundo Luiz do Nascimento \u2013 1\u00ba secret\u00e1rio , Adolfo Claudio Mentor Melo \u2013 Diretor de Finan\u00e7as, Manoel Valdecir de Vasconcelos \u2013 1\u00ba Diretor de Finan\u00e7as, Francisco Adegildo Ferrer \u2013 Diretor de Forma\u00e7\u00e3o Sindical, Jos\u00e9 Ednardo Silveira Albuquerque \u2013 Diretor de Rela\u00e7\u00f5es Sindicais, Paulo Roberto de A. Nunes \u2013 Diretor de Divulga\u00e7\u00e3o e Cultura. Seja um Associado Ao associar-se voc\u00ea se tornar um cliente de todo o nosso sistema, obtendo in\u00fameros benef\u00edcios, servi\u00e7os e vantagens. Associe-se Preencha o formul\u00e1rio para ser um associado Home O SINDESP Quem somos Presidente Diretoria Estatuto Fatos Relevantes Associe-se Galerias Conv\u00eanios Mais Sa\u00fade Piso Salarial Contato Home O SINDESP Quem somos Presidente Diretoria Estatuto Fatos Relevantes Associe-se Galerias Conv\u00eanios Mais Sa\u00fade Piso Salarial Contato Digi&amp;tal Networks Todos os direitos reservados<\/p>\n","protected":false},"author":1,"featured_media":0,"parent":0,"menu_order":0,"comment_status":"closed","ping_status":"closed","template":"elementor_header_footer","meta":{"_joinchat":[],"footnotes":""},"class_list":["post-987","page","type-page","status-publish","hentry"],"_links":{"self":[{"href":"https:\/\/sindesp.org.br\/index.php\/wp-json\/wp\/v2\/pages\/987","targetHints":{"allow":["GET"]}}],"collection":[{"href":"https:\/\/sindesp.org.br\/index.php\/wp-json\/wp\/v2\/pages"}],"about":[{"href":"https:\/\/sindesp.org.br\/index.php\/wp-json\/wp\/v2\/types\/page"}],"author":[{"embeddable":true,"href":"https:\/\/sindesp.org.br\/index.php\/wp-json\/wp\/v2\/users\/1"}],"replies":[{"embeddable":true,"href":"https:\/\/sindesp.org.br\/index.php\/wp-json\/wp\/v2\/comments?post=987"}],"version-history":[{"count":26,"href":"https:\/\/sindesp.org.br\/index.php\/wp-json\/wp\/v2\/pages\/987\/revisions"}],"predecessor-version":[{"id":4459,"href":"https:\/\/sindesp.org.br\/index.php\/wp-json\/wp\/v2\/pages\/987\/revisions\/4459"}],"wp:attachment":[{"href":"https:\/\/sindesp.org.br\/index.php\/wp-json\/wp\/v2\/media?parent=987"}],"curies":[{"name":"wp","href":"https:\/\/api.w.org\/{rel}","templated":true}]}}